{"id":73,"date":"2011-10-04T09:30:29","date_gmt":"2011-10-04T09:30:29","guid":{"rendered":"http:\/\/madeinart.it\/off\/?page_id=73"},"modified":"2021-04-22T16:30:37","modified_gmt":"2021-04-22T14:30:37","slug":"information","status":"publish","type":"page","link":"https:\/\/madeinart.it\/it\/information","title":{"rendered":"Informazioni"},"content":{"rendered":"<p><\/p>\n<div class=\"col\">\n<h2>ANISH KAPOOR<br \/>\nDirty Corner<strong><br \/>\n<\/strong><\/h2>\n<p><strong>a cura di<em><br \/>\n<\/em>Gianni Mercurio<\/strong><br \/>\n<strong> e Demetrio Paparoni<\/strong><\/p>\n<p><strong>Una produzione<\/strong><br \/>\nComune di Milano e MADEINART<strong><br \/>\n<\/strong><\/p>\n<p><strong>Studio Kapoor<\/strong><br \/>\nLucy Adams &#8211; Director, Peter Lynch, Clare Chapman, Jeff Dyson,<br \/>\nEktor Rodriguez, Christophe Taudon, Sophie Baker<strong><br \/>\n<\/strong><\/p>\n<p><strong>Produzione<\/strong><br \/>\nConsuelo Nocita<strong><br \/>\n<\/strong><\/p>\n<p><strong>Coordinamento Organizzativo<\/strong><br \/>\nMartina Gatto Ronchero<strong><br \/>\n<\/strong><\/p>\n<p><strong>Produzione esecutiva<\/strong><br \/>\nPietro Nocita<strong><br \/>\n<\/strong><\/p>\n<p><strong>Progetto &nbsp;di Allestimento e Direzione Lavori<\/strong><br \/>\nFrancesca Fornasari<strong><br \/>\n<\/strong><\/p>\n<p><strong>Light Designer<\/strong><br \/>\nSebastiano Leddi<strong><br \/>\n<\/strong><\/p>\n<p><strong>Con la collaborazione di<\/strong><br \/>\nLino Brusa<strong><br \/>\n<\/strong><\/p>\n<p><strong>Sezione video<\/strong><br \/>\nChristina Clausen<strong><br \/>\n<\/strong><\/p>\n<p><strong>Condition Report<\/strong><br \/>\nRenata Knes<strong><br \/>\n<\/strong><\/p>\n<p><strong>Responsabile Progettazione opera Fabbrica del Vapore<\/strong><br \/>\nChristopher Hornzee &#8211; Jones,&nbsp;Aerotrope Limited<strong><br \/>\n<\/strong><\/p>\n<p><strong>Trasporti<\/strong><br \/>\nMtec, Londra Gondrand, Milano Van Harten, Veenendaal<strong><br \/>\n<\/strong><\/p>\n<p><strong>Assicurazione<\/strong><br \/>\nLloyd\u2019s, Milano &#8211; Londra<strong><br \/>\n<\/strong><\/p>\n<p><strong>Con il contributo di<\/strong><br \/>\nFondazione AEM<strong><br \/>\n<\/strong><\/p>\n<p><strong>Con il sostegno di<\/strong><br \/>\nCLIFFORD CHANCE e SWAROVSKI<strong><br \/>\n<\/strong><\/p>\n<p><strong>In collaborazione con<\/strong><br \/>\nCORRIERE DELLA SERA, ATM, CLASSEDITORI<strong>, <\/strong>DEUTSCHE BANK<strong><br \/>\n<\/strong><\/p>\n<p><strong>Catalogo<\/strong><br \/>\nSKIRA<\/p>\n<p><strong>Si ringraziano per il prestito delle opere<\/strong><br \/>\nStudio Anish Kapoor, Londra &#8211;&nbsp;Lisson Gallery, Londra<strong><br \/>\n<\/strong><\/p>\n<p><strong>Si ringraziano particolarmente<\/strong><br \/>\nGalleria Continua, Lorenzo Fiaschi, Galleria Massimo Minini, Massimo Minini,&nbsp;Lisson Gallery, Nicholas Logsdail, Greg Hilty e Annette Hofmann<strong><br \/>\n<\/strong><\/p>\n<p><strong>Per la concessione del materiale video inedito<\/strong><br \/>\nVideoest<strong><br \/>\n<\/strong><\/p>\n<p><strong>Per i contributi filmati su Anish Kapoor<\/strong><br \/>\nIlluminations, Londra Institute of Contemporary Art, Boston The Institute of Psychoanalysis, Londra ITV TATE media, Londra<strong><br \/>\n<\/strong><\/p>\n<p><strong>In collaborazione con<\/strong><br \/>\nAnish Kapoor Studio <em>in particolare <\/em>Clare Chapman e Sophie Baker,Artecinema, Napoli Barbara Gladstone Gallery, New York, Galleria Continua, San Gimignano \/ Beijijing \/ Le Moulin<strong><br \/>\n<\/strong><\/p>\n<p><strong>Fotografi<\/strong><br \/>\nDelio Bartolucci, Ela Bialkowska, Pamela Bralia, Lorenzo Fiaschi, Angela Rosati, Oak Taylor-Smith<strong><br \/>\n<\/strong><\/p>\n<\/div>\n<div class=\"wrapper\">\n<div class=\"col2\">\n<h3><strong>Apertura al pubblico<\/strong><em><br \/>\n<\/em><\/h3>\n<p><strong>La Fabbrica del Vapore<\/strong><br \/>\n<em>31 maggio &#8211; 31 gennaio 2012<strong><br \/>\n<\/strong><\/em><strong><strong>CONCLUSA<\/strong><br \/>\n<\/strong><\/p>\n<p><strong>Rotonda di via Besana<\/strong><em><br \/>\n31 maggio &#8211; 9 ottobre 2011<strong><br \/>\n<\/strong><\/em><strong>CONCLUSA<\/strong><\/p>\n<h3><strong>Dove<\/strong><\/h3>\n<p><strong>La Fabbrica del Vapore<\/strong><br \/>\nvia Procaccini, 4<br \/>\n300 mt dal Cimitero Monumentale<\/p>\n<p><strong>CONCLUSA<\/strong><\/p>\n<p><strong>Rotonda di via Besana<\/strong><br \/>\nvia Enrico Besana, 12<br \/>\n400 mt da Piazza V Giornate<br \/>\n<strong>CONCLUSA<\/strong><\/p>\n<h3><strong>Orari<em><br \/>\n<\/em><\/strong><\/h3>\n<p>Luned\u00ec 14.30-19.30<br \/>\nMarted\u00ec, &nbsp;Mercoled\u00ec, Venerd\u00ec e Domenica &nbsp;9.30-19.30<br \/>\nGioved\u00ec e Sabato &nbsp;9.30-22.30<br \/>\nUltimo ingresso mezz\u2019ora prima della chiusura.<\/p>\n<h3><strong>Ingressi<em><br \/>\n<\/em><\/strong><\/h3>\n<p><strong>Ingresso<\/strong><strong>: 6 \u20ac<br \/>\nIngresso ridotto<\/strong>:<strong> 4\u20ac <\/strong><\/p>\n<p>Per gruppi di almeno 15 persone, visitatori oltre i 65 anni, minori da 6 a 18 anni, studenti fino a 26 anni, portatori di handicap, soci Touring Club con tessera, aderenti all\u2019iniziativa \u201cLuned\u00ec Musei\u201d (Museo Poldi Pezzoli e Museo Teatrale alla Scala), militari, forze dell\u2019ordine non in servizio, insegnanti, possessori AMAMI Card, e altre categorie convenzionate; gruppi di studenti delle scolaresche di ogni ordine e grado, gruppi organizzati direttamente dal Touring Club ai quali non si deve applicare il diritto fisso di prevendita n\u00e9 i costi per le attrezzatura per le visite guidate (sistema microfonico per gruppi, cuffie ecc.), volontari del servizio civile nazionale con tesserino di identificazione, tesserati ATM, tesserati Feltrinelli.<\/p>\n<p><strong>Ingresso gratuito<\/strong>:<br \/>\nbiglietto omaggio<\/p>\n<p>Per minori di 6 anni, guide turistiche abilitate con tesserino di riconoscimento, un accompagnatore per ogni gruppo, due accompagnatori per ogni gruppo scolastico, un accompagnatore per disabile che presenti necessit\u00e0, un accompagnatore e una guida per ogni gruppo Touring Club, dipendenti della Soprintendenza ai Beni Architettonici, giornalisti accreditati, tesserati ICOM, tessere vitalizie signore Gemma Calabresi e Licia Pinelli<\/p>\n<\/div>\n<div class=\"col2 last\">\n<h3>Servizi<\/h3>\n<p><strong>Accessibile ai disabili<\/strong><strong><br \/>\n<\/strong>Barriere architettoniche non presenti.<br \/>\nIngresso ridotto per i disabili, gratis gli accompagnatori.<br \/>\nServizi igienici per disabili presenti, area di sosta e bar accessibile ai disabili.<\/p>\n<p><strong>Infoline<\/strong>: 89.24.24<br \/>\n<em>Costo da fisso \u20ac 0,026 al secondo pi\u00f9 \u20ac 0,36 alla risposta (IVA incl.). Costo da mobile in funzione del gestore. Il servizio \u00e8 attivo e accessibile 365 giorni l\u2019anno, 24 ore su 24, su tutto il territorio nazionale.<\/em><\/p>\n<h3>Eventi e Progetti speciali<\/h3>\n<p><a href=\"mailto:info@madeinart.it\" target=\"_blank\" rel=\"noopener\">info@madeinart.it<\/a><\/p>\n<h3>Didattica<\/h3>\n<p><strong>Responsabile didattica<\/strong><br \/>\nJacopo Pucci Tartari<\/p>\n<p><strong>Per le scuole primarie e secondarie\u2028(su prenotazione)<br \/>\nDate | Orari\u2028<\/strong><br \/>\nDa Ottobre a Gennaio 2012<br \/>\nDa Luned\u00ec a Venerd\u00ec:<br \/>\n1^ gruppo dalle 9.30 alle 11.00<br \/>\n2^ gruppo dalle 14.30 alle 16.00<\/p>\n<p><strong>Costo materiali (non convenzionati)<\/strong><br \/>\n100 euro a gruppo\/classe.<\/p>\n<p><strong>Per le famiglie\u2028(su prenotazione gruppo minimo 10 bambini,et\u00e0 6 &#8211; 12 anni)<\/strong><br \/>\n<strong>\u2028Date | Orari\u2028<\/strong><br \/>\nDomenica.\u2028dalle 10.00 alle 12.00<br \/>\nCosto: 6 euro a bambino\u2028 gli accompagnatori possono visitare la mostra pagando il biglietto \u2028ridotto a 4 euro.<\/p>\n<p><strong>Dove si svolge l\u2019attivit\u00e0 didattica\u2028<\/strong><br \/>\nFabbrica del Vapore<br \/>\nVia Procaccini 4, 20100<br \/>\nMilano<br \/>\nMostra-Anish Kapoor \u201cDirty Corner\u201d<br \/>\nsala didattica<\/p>\n<p><strong>Segreteria didattica | Prenotazioni | Iscrizioni\u2028<\/strong><br \/>\nCarolina De Pieri<br \/>\n<a href=\"mailto:info@madeinart.it\" target=\"_blank\" rel=\"noopener\">\u2028info@madeinart.it<\/a><br \/>\n+39 3881657340<br \/>\ndalle 10 alle 18<\/p>\n<h3>Ufficio stampa<\/h3>\n<p><strong>Delos<\/strong><br \/>\nAnnalisa Fattori e Paola Nobile<br \/>\nT 02.8052151<br \/>\n<a href=\"mailto:delos@delosrp.it\">delos@delosrp.it<\/a><br \/>\n<strong><br \/>\nComune di Milano<\/strong><br \/>\nElena Conenna<br \/>\nT 02 884 53314<br \/>\n<a href=\"mailto:elenamaria.coneanna@comune.milano.it\">elenamaria.conenna@comune.milano.it<\/a><\/p>\n<\/div>\n<\/div>\n<p><\/p>","protected":false},"excerpt":{"rendered":"<p>ANISH KAPOOR Dirty Corner a cura di Gianni Mercurio e Demetrio Paparoni Una produzione Comune di Milano e MADEINART Studio Kapoor Lucy Adams &#8211; Director, Peter Lynch, Clare Chapman, Jeff Dyson, Ektor Rodriguez, Christophe Taudon, Sophie Baker Produzione Consuelo Nocita Coordinamento Organizzativo Martina Gatto Ronchero Produzione esecutiva Pietro Nocita Progetto &nbsp;di Allestimento e Direzione Lavori [&hellip;]<\/p>\n","protected":false},"author":1,"featured_media":0,"parent":0,"menu_order":0,"comment_status":"open","ping_status":"closed","template":"page_full.php","meta":{"_acf_changed":false,"ngg_post_thumbnail":0,"footnotes":""},"categories":[],"tags":[],"class_list":["post-73","page","type-page","status-publish","hentry"],"acf":[],"_links":{"self":[{"href":"https:\/\/madeinart.it\/it\/wp-json\/wp\/v2\/pages\/73","targetHints":{"allow":["GET"]}}],"collection":[{"href":"https:\/\/madeinart.it\/it\/wp-json\/wp\/v2\/pages"}],"about":[{"href":"https:\/\/madeinart.it\/it\/wp-json\/wp\/v2\/types\/page"}],"author":[{"embeddable":true,"href":"https:\/\/madeinart.it\/it\/wp-json\/wp\/v2\/users\/1"}],"replies":[{"embeddable":true,"href":"https:\/\/madeinart.it\/it\/wp-json\/wp\/v2\/comments?post=73"}],"version-history":[{"count":122,"href":"https:\/\/madeinart.it\/it\/wp-json\/wp\/v2\/pages\/73\/revisions"}],"predecessor-version":[{"id":3594,"href":"https:\/\/madeinart.it\/it\/wp-json\/wp\/v2\/pages\/73\/revisions\/3594"}],"wp:attachment":[{"href":"https:\/\/madeinart.it\/it\/wp-json\/wp\/v2\/media?parent=73"}],"wp:term":[{"taxonomy":"category","embeddable":true,"href":"https:\/\/madeinart.it\/it\/wp-json\/wp\/v2\/categories?post=73"},{"taxonomy":"post_tag","embeddable":true,"href":"https:\/\/madeinart.it\/it\/wp-json\/wp\/v2\/tags?post=73"}],"curies":[{"name":"wp","href":"https:\/\/api.w.org\/{rel}","templated":true}]}}