{"id":3900,"date":"2024-11-15T12:23:37","date_gmt":"2024-11-15T11:23:37","guid":{"rendered":"https:\/\/madeinart.it\/?page_id=3900"},"modified":"2024-11-15T12:23:37","modified_gmt":"2024-11-15T11:23:37","slug":"the-exhibition","status":"publish","type":"page","link":"https:\/\/madeinart.it\/it\/maxernst-surrealismoarteycine\/the-exhibition","title":{"rendered":"La mostra"},"content":{"rendered":"<p><div id=\"attachment_3901\" class=\"wp-caption alignnone\"><img loading=\"lazy\" decoding=\"async\" class=\"wp-image-3901 size-full\" src=\"https:\/\/madeinart.it\/wp-content\/uploads\/2024\/11\/Screenshot-2024-11-15-alle-12.16.00.png\" alt=\"\" width=\"2822\" height=\"1130\" srcset=\"https:\/\/madeinart.it\/wp-content\/uploads\/2024\/11\/Screenshot-2024-11-15-alle-12.16.00.png 2822w, https:\/\/madeinart.it\/wp-content\/uploads\/2024\/11\/Screenshot-2024-11-15-alle-12.16.00-300x120.png 300w, https:\/\/madeinart.it\/wp-content\/uploads\/2024\/11\/Screenshot-2024-11-15-alle-12.16.00-1024x410.png 1024w, https:\/\/madeinart.it\/wp-content\/uploads\/2024\/11\/Screenshot-2024-11-15-alle-12.16.00-768x308.png 768w, https:\/\/madeinart.it\/wp-content\/uploads\/2024\/11\/Screenshot-2024-11-15-alle-12.16.00-1536x615.png 1536w, https:\/\/madeinart.it\/wp-content\/uploads\/2024\/11\/Screenshot-2024-11-15-alle-12.16.00-2048x820.png 2048w, https:\/\/madeinart.it\/wp-content\/uploads\/2024\/11\/Screenshot-2024-11-15-alle-12.16.00-1800x721.png 1800w\" sizes=\"auto, (max-width: 2822px) 100vw, 2822px\" \/><p class=\"wp-caption-text\">Max Ernst, The Temptation of St. Anthony, 1945, Oil on canvas, 108 x 128 cm, Lehmbruck Museum, Duisburg<\/p><\/div><\/p>\n<p>La mostra \u201cMax Ernst: Surrealism, Art and Cinema\u201d sar\u00e0 strutturata in sei aree che forniranno un approccio profondo e senza precedenti a questa figura chiave del movimento Dada e del surrealismo, che tanto ha contribuito allo sviluppo dell\u2019arte moderna europea.<\/p>\n<p>In totale, pi\u00f9 di 300 pezzi accuratamente selezionati, tra cui dipinti ad olio, sculture, collage, frottage, libri illustrati, film e fotografie originali, metteranno in luce i legami dell&#8217;artista con il cinema. Saranno incluse opere prestigiose come i dipinti Le tentazioni di Sant&#8217;Antonio (Museo Lehmbruck, Duisburg) o Le figlie di Lot (Collezione Pietzsch, Berlino), e sculture come Homme (Museo Max Ernst, Br\u00fchl).<\/p>\n<p>L&#8217;allestimento della mostra immerger\u00e0 il visitatore nella vita unica, avventurosa e inquieta di Max Ernst. Lungo il percorso verranno rivelati collegamenti con temi progressisti come l\u2019esilio, nonch\u00e9 questioni interculturali e ambientali.<\/p>\n<p>La vita e l&#8217;opera di Max Ernst continuano ancora oggi ad avere un forte impatto sulla scena artistica contemporanea. Sebbene facciano parte della storia dell&#8217;arte, la loro esistenza itinerante e l&#8217;approccio interdisciplinare e collaborativo risuonano con le caratteristiche degli artisti &#8220;nomadi&#8221; di oggi. In questo modo, il passato si espande per abbracciare l\u2019universale, poich\u00e9 conoscenza e cultura, cos\u00ec come spazio e tempo, si intrecciano in un gioco filosofico elevato e stimolante.<\/p>\n<h3>Un&#8217;indagine rigorosa sul legame di Max Ernst con il cinema.<\/h3>\n<p>Nel 1921, Andr\u00e9 Breton paragon\u00f2 i collage di Ernst al cinema, sottolineando come le sue opere rompessero con i tradizionali media bidimensionali (pittura e disegno). Breton ha descritto Ernst come un mago, capace di proiettare davanti ai nostri occhi il &#8220;film pi\u00f9 avvincente del mondo&#8221;.<\/p>\n<p>Il cinema ha avuto un&#8217;influenza costante sulla carriera di Ernst, dal suo ruolo di attore, membro di giurie cinematografiche, a creatore di premi cinematografici (ad esempio, per Henri Gruel, Roman Polanski e Jan \u0160vankmajer, i cui cortometraggi sono qui presentati anche). Il suo lavoro ha ispirato il cinema surrealista e numerosi registi successivi, creando un legame profondo e continuo tra la sua arte e il cinema. La mostra sar\u00e0 caratterizzata da frammenti di film e proiezioni immersive che stabiliranno un dialogo costante e dinamico con le opere.<\/p>\n<p>La mostra includer\u00e0 estratti da film come &#8220;<em>Un Chien andalou&#8221;<\/em> &nbsp;e <em>&#8220;L&#8217;Age d&#8217;or&#8221;<\/em> di Luis Bu\u00f1uel, <em>&#8220;Dreams that money can&#8217;t buy&#8221;<\/em>&nbsp; e <em>&#8220;8\u00d78<\/em>: <em>Una sonata di scacchi in 8 mosse&#8221;<\/em> di Hans Richter, &#8220;<em>Max Ernst \u2013 Il mio vagabondare, la mia irrequietezza&#8221;<\/em> di Peter Schamoni, e cortometraggi intitolati <em>A Week of Kindness<\/em> di Jean Desvilles, <em>Maximiliana<\/em> di Peter Schamoni, o altri due pezzi di Julien Levy, presentati qui al pubblico per la prima volta.<\/p>\n<p>\u201cMax Ernst: Surrealismo, Arte y Cine\u201d \u00e8 curata da Martina Mazzotta, storica dell\u2019arte, scrittrice e ricercatrice presso il Warburg Institute di Londra, e da J\u00fcrgen Pech, ex curatore del museo Max Ernst di Br\u00fchl, in Germania, ed editore del ultimo volume del catalogo ragionato dell&#8217;opera di Max Ernst. Recentemente, entrambi hanno curato mostre internazionali su Max Ernst e hanno svolto ricerche specifiche per l&#8217;occasione a Madrid, garantendo un approccio scientifico e rigoroso che garantisce la durabilit\u00e0 dell&#8217;eredit\u00e0 di Ernst.<\/p>\n<p><a href=\"https:\/\/www.entradas.com\/en\/event\/max-ernst-surrealismo-arte-y-cine-circulo-de-bellas-artes-19327926\/\">Acquista il tuo biglietto qui<\/a><\/p>\n<p>Informazioni pratiche:<\/p>\n<p>Dove: Circulo des Bellas Artes di Madrid. Calle Alcal\u00e1, 42.<\/p>\n<p>Quando: Dal 5 dicembre 2024 al 4 maggio 2025.<\/p>\n<p>Orari:&nbsp;Dal marted\u00ec alla domenica dalle 10:00 alle 21:00. Chiuso il luned\u00ec non festivi.<\/p>\n<p><strong>A proposito di Sold Out<\/strong><\/p>\n<p>Con tre decenni di esperienza nel campo della cultura e dell&#8217;intrattenimento, Sold Out si \u00e8 affermata come una delle aziende pi\u00f9 importanti in Spagna, essendo responsabile di alcuni degli spettacoli e delle mostre pi\u00f9 rinomati che siano arrivati \u200b\u200bnel nostro paese. In ambito fieristico Sold Out \u00e8 pioniere nell&#8217;organizzazione di mostre internazionali su territorio nazionale. Negli ultimi anni ha presentato pi\u00f9 di 20 mostre su temi iconici e marchi della cultura popolare, alcuni dei quali sono tra i pi\u00f9 importanti presentati in Spagna, come Harry Potter: The Exhibition, David Bowie Is, Bj\u00f6rk Digital , Banksy: La strada \u00e8 una tela, Tutankhamon: La tomba e i suoi tesori, Jurassic World: La mostra, Mostra dei Pink Floyd, Il Trono di Spade: La mostra ufficiale, Steve McCurry. Icone, Stanley Kubrick: La Mostra o Herg\u00e9. La Mostra, tra gli altri. Maggiori informazioni su soldout.es<\/p>\n<p><strong>A proposito del Circulo des Bellas Artes<\/strong><\/p>\n<p>Il C\u00edrculo de Bellas Artes (CBA) \u00e8 un ente culturale privato senza scopo di lucro con sede in via Alcal\u00e1 a Madrid, in Spagna. Fondato nel 1880, dal 1921 \u00e8 dichiarato \u201cCentro di Tutela delle Belle Arti e di Pubblica Utilit\u00e0\u201d. \u00c8 un centro multidisciplinare, poich\u00e9 sviluppa attivit\u00e0 che spaziano dalle arti plastiche alla letteratura, passando per la scienza, la filosofia, il cinema e le arti dello spettacolo. Fin dalla sua creazione, ha sviluppato importanti lavori di respiro internazionale nel campo della creazione, diffusione e gestione culturale, essendo uno dei centri culturali privati \u200b\u200bpi\u00f9 importanti d\u2019Europa. Maggiori informazioni su circulobellasartes.com<\/p>\n<p><strong>A proposito di Madeinart<\/strong><\/p>\n<p>MADEINART \u00e8 una societ\u00e0 con sedi a Roma e Milano la cui attivit\u00e0 principale \u00e8 la produzione e la diffusione di arte e cultura attraverso vari canali: mostre d&#8217;arte, film documentari, programmi educativi ed eventi di beneficenza. Le produzioni MADEINART sono il risultato di un processo intenso ed energico seguito in tutte le fasi, dalla creazione del concept alla realizzazione finale. MADEINART \u00e8 il frutto dell&#8217;unione di molteplici professionisti con preziose esperienze in diversi ambiti: management, storia dell&#8217;arte, lavoro curatoriale, cinema, architettura e ricerca di talenti artistici a livello internazionale. Fin dalla sua fondazione l&#8217;azienda ha avuto ottime collaborazioni che le permettono di essere una struttura a flessibile. Grazie ad una ricca e crescente rete di relazioni con prestigiose istituzioni internazionali, fondazioni, musei, collezioni private e pubbliche e gallerie d&#8217;arte, MADEINART \u00e8 in grado di realizzare ogni tipologia di progetto culturale. MADEINART ha creato un legame solido e duraturo tra arte e moda, promuovendo la collaborazione tra artisti famosi e brand di moda, attraverso la realizzazione di \u201coggetti d&#8217;arte\u201d in edizioni limitate. Maggiori informazioni su madeinart.it<\/p>","protected":false},"excerpt":{"rendered":"<p>La mostra \u201cMax Ernst: Surrealism, Art and Cinema\u201d sar\u00e0 strutturata in sei aree che forniranno un approccio profondo e senza precedenti a questa figura chiave del movimento Dada e del surrealismo, che tanto ha contribuito allo sviluppo dell\u2019arte moderna europea. In totale, pi\u00f9 di 300 pezzi accuratamente selezionati, tra cui dipinti ad olio, sculture, collage, [&hellip;]<\/p>\n","protected":false},"author":8,"featured_media":0,"parent":3888,"menu_order":1,"comment_status":"closed","ping_status":"closed","template":"Past-Exhibitions.php","meta":{"_acf_changed":false,"ngg_post_thumbnail":0,"footnotes":""},"categories":[],"tags":[],"class_list":["post-3900","page","type-page","status-publish","hentry"],"acf":[],"_links":{"self":[{"href":"https:\/\/madeinart.it\/it\/wp-json\/wp\/v2\/pages\/3900","targetHints":{"allow":["GET"]}}],"collection":[{"href":"https:\/\/madeinart.it\/it\/wp-json\/wp\/v2\/pages"}],"about":[{"href":"https:\/\/madeinart.it\/it\/wp-json\/wp\/v2\/types\/page"}],"author":[{"embeddable":true,"href":"https:\/\/madeinart.it\/it\/wp-json\/wp\/v2\/users\/8"}],"replies":[{"embeddable":true,"href":"https:\/\/madeinart.it\/it\/wp-json\/wp\/v2\/comments?post=3900"}],"version-history":[{"count":2,"href":"https:\/\/madeinart.it\/it\/wp-json\/wp\/v2\/pages\/3900\/revisions"}],"predecessor-version":[{"id":3903,"href":"https:\/\/madeinart.it\/it\/wp-json\/wp\/v2\/pages\/3900\/revisions\/3903"}],"up":[{"embeddable":true,"href":"https:\/\/madeinart.it\/it\/wp-json\/wp\/v2\/pages\/3888"}],"wp:attachment":[{"href":"https:\/\/madeinart.it\/it\/wp-json\/wp\/v2\/media?parent=3900"}],"wp:term":[{"taxonomy":"category","embeddable":true,"href":"https:\/\/madeinart.it\/it\/wp-json\/wp\/v2\/categories?post=3900"},{"taxonomy":"post_tag","embeddable":true,"href":"https:\/\/madeinart.it\/it\/wp-json\/wp\/v2\/tags?post=3900"}],"curies":[{"name":"wp","href":"https:\/\/api.w.org\/{rel}","templated":true}]}}