{"id":3879,"date":"2024-11-15T09:43:42","date_gmt":"2024-11-15T08:43:42","guid":{"rendered":"https:\/\/madeinart.it\/?page_id=3879"},"modified":"2024-11-15T09:43:57","modified_gmt":"2024-11-15T08:43:57","slug":"the-artist","status":"publish","type":"page","link":"https:\/\/madeinart.it\/it\/stevemccurrysguardi\/the-artist","title":{"rendered":"Artista"},"content":{"rendered":"<p><img loading=\"lazy\" decoding=\"async\" class=\"alignnone wp-image-3880 size-full\" src=\"https:\/\/madeinart.it\/wp-content\/uploads\/2024\/11\/Screenshot-2024-11-15-alle-09.35.17.png\" alt=\"\" width=\"1830\" height=\"1226\" srcset=\"https:\/\/madeinart.it\/wp-content\/uploads\/2024\/11\/Screenshot-2024-11-15-alle-09.35.17.png 1830w, https:\/\/madeinart.it\/wp-content\/uploads\/2024\/11\/Screenshot-2024-11-15-alle-09.35.17-300x201.png 300w, https:\/\/madeinart.it\/wp-content\/uploads\/2024\/11\/Screenshot-2024-11-15-alle-09.35.17-1024x686.png 1024w, https:\/\/madeinart.it\/wp-content\/uploads\/2024\/11\/Screenshot-2024-11-15-alle-09.35.17-768x515.png 768w, https:\/\/madeinart.it\/wp-content\/uploads\/2024\/11\/Screenshot-2024-11-15-alle-09.35.17-1536x1029.png 1536w, https:\/\/madeinart.it\/wp-content\/uploads\/2024\/11\/Screenshot-2024-11-15-alle-09.35.17-1800x1206.png 1800w\" sizes=\"auto, (max-width: 1830px) 100vw, 1830px\" \/><\/p>\n<div class=\"page\" title=\"Page 6\">\n<div class=\"layoutArea\">\n<div class=\"column\">\n<div class=\"page\" title=\"Page 11\">\n<div class=\"layoutArea\">\n<div class=\"column\">\n<p>Steve McCurry \u00e8 una delle figure pi\u00f9 iconiche della fotografia contemporanea da oltre cinque decenni. Nato a Philadelphia, Pennsylvania, McCurry ha studiato cinematografia alla Pennsylvania State University, prima di iniziare a lavorare per un giornale. Dopo due anni, McCurry ha fatto il primo di quelli che sarebbero diventati molti viaggi in India.<br \/>\nViaggiando con poco pi\u00f9 di una borsa di vestiti e pellicola, si \u00e8 fatto strada attraverso il subcontinente, esplorando il paese con la sua macchina fotografica. Dopo diversi mesi di viaggio, ha attraversato il confine con il Pakistan. In un piccolo villaggio, ha incontrato un gruppo di rifugiati dall&#8217;Afghanistan, che lo hanno fatto passare di nascosto attraverso il confine nel loro paese, proprio mentre l&#8217;invasione russa stava chiudendo il paese ai giornalisti occidentali.<\/p>\n<p>Emergendo in abiti tradizionali, con una folta barba e lineamenti segnati dalle intemperie dopo mesi trascorsi con i Mujahideen, McCurry si \u00e8 fatto strada attraverso il confine con il Pakistan con la sua pellicola cucita nei vestiti. Le immagini di McCurry sono state tra le prime a mostrare al mondo la brutalit\u00e0 dell&#8217;invasione russa. Da allora, McCurry ha continuato a creare immagini indimenticabili in tutti e sette i continenti e in numerosi paesi. Il suo corpus di opere abbraccia conflitti, culture in via di estinzione, antiche tradizioni e cultura contemporanea, ma conserva sempre l&#8217;elemento umano che ha reso la sua celebre immagine della ragazza afgana un&#8217;immagine cos\u00ec potente.<\/p>\n<p>McCurry \u00e8 stato insignito di alcuni dei premi pi\u00f9 prestigiosi del settore, tra cui la Robert Capa Gold Medal. Pi\u00f9 di recente, la Royal Photographic Society di Londra ha conferito a McCurry la Centenary Medal for Lifetime Achievement e nel 2019, McCurry \u00e8 stato inserito nell&#8217;International Photography Hall of Fame.<\/p>\n<\/div>\n<\/div>\n<\/div>\n<\/div>\n<\/div>\n<\/div>\n<p><\/p>","protected":false},"excerpt":{"rendered":"<p>Steve McCurry \u00e8 una delle figure pi\u00f9 iconiche della fotografia contemporanea da oltre cinque decenni. Nato a Philadelphia, Pennsylvania, McCurry ha studiato cinematografia alla Pennsylvania State University, prima di iniziare a lavorare per un giornale. Dopo due anni, McCurry ha fatto il primo di quelli che sarebbero diventati molti viaggi in India. Viaggiando con poco [&hellip;]<\/p>\n","protected":false},"author":8,"featured_media":0,"parent":3871,"menu_order":0,"comment_status":"closed","ping_status":"closed","template":"Past-Exhibitions.php","meta":{"_acf_changed":false,"ngg_post_thumbnail":0,"footnotes":""},"categories":[],"tags":[186,182,181],"class_list":["post-3879","page","type-page","status-publish","hentry","tag-artist","tag-photography","tag-stevemccurry"],"acf":[],"_links":{"self":[{"href":"https:\/\/madeinart.it\/it\/wp-json\/wp\/v2\/pages\/3879","targetHints":{"allow":["GET"]}}],"collection":[{"href":"https:\/\/madeinart.it\/it\/wp-json\/wp\/v2\/pages"}],"about":[{"href":"https:\/\/madeinart.it\/it\/wp-json\/wp\/v2\/types\/page"}],"author":[{"embeddable":true,"href":"https:\/\/madeinart.it\/it\/wp-json\/wp\/v2\/users\/8"}],"replies":[{"embeddable":true,"href":"https:\/\/madeinart.it\/it\/wp-json\/wp\/v2\/comments?post=3879"}],"version-history":[{"count":2,"href":"https:\/\/madeinart.it\/it\/wp-json\/wp\/v2\/pages\/3879\/revisions"}],"predecessor-version":[{"id":3882,"href":"https:\/\/madeinart.it\/it\/wp-json\/wp\/v2\/pages\/3879\/revisions\/3882"}],"up":[{"embeddable":true,"href":"https:\/\/madeinart.it\/it\/wp-json\/wp\/v2\/pages\/3871"}],"wp:attachment":[{"href":"https:\/\/madeinart.it\/it\/wp-json\/wp\/v2\/media?parent=3879"}],"wp:term":[{"taxonomy":"category","embeddable":true,"href":"https:\/\/madeinart.it\/it\/wp-json\/wp\/v2\/categories?post=3879"},{"taxonomy":"post_tag","embeddable":true,"href":"https:\/\/madeinart.it\/it\/wp-json\/wp\/v2\/tags?post=3879"}],"curies":[{"name":"wp","href":"https:\/\/api.w.org\/{rel}","templated":true}]}}