{"id":3845,"date":"2023-04-27T20:04:46","date_gmt":"2023-04-27T18:04:46","guid":{"rendered":"https:\/\/madeinart.it\/?page_id=3845"},"modified":"2023-04-28T15:05:27","modified_gmt":"2023-04-28T13:05:27","slug":"the-exhibition","status":"publish","type":"page","link":"https:\/\/madeinart.it\/it\/maxernst-mondesmagiques\/the-exhibition","title":{"rendered":"La mostra"},"content":{"rendered":"<p>ngg_shortcode_0_placeholder<strong>Max Ernst<\/strong> non ha mai smesso di reinventare la sua arte nel corso della sua carriera. Il suo lavoro si nutre di filosofia, psicoanalisi, scienza, alchimia, storia dell&#8217;arte, letteratura e poesia.<\/p>\n<p>La mostra si concentrer\u00e0 sui grandi temi dei mondi creati da Max Ernst, illustrando la ricorrenza dei temi che attraversano il suo lavoro. Una sezione centrale della mostra utilizza i quattro elementi &#8211; acqua, aria, terra e fuoco &#8211; che, secondo l&#8217;antica tradizione filosofica e l&#8217;alchimia, costituiscono tutta la materia del mondo naturale.<\/p>\n<p>L&#8217;opera dell&#8217;artista \u00e8 sconcertante e notevole. Grande artista intellettuale e umanista \u2013 nel senso neo-rinascimentale del termine \u2013, ha continuamente sfidato la percezione unendo logica e armonia formale a enigmi insondabili, mentre l&#8217;onirismo e il fantastico convivono, creando paesaggi dai misteri impenetrabili. Foreste di pietre, animali chimerici, maschere incarnate e uccelli antropomorfi\u2026 la bellezza enigmatica e talvolta persino onirica delle opere di Max Ernst immerge lo spettatore nella stravaganza del suo mondo magico e liberato.<\/p>\n<p><em>La mostra beneficer\u00e0 di prestiti eccezionali del Centre Pompidou, della Tate, del Guggenheim di Venezia, del Mus\u00e9e Cantini, del Max Ernst Museum di Br\u00fchl e di molti collezionisti privati che desiderano rimanere anonimi.<\/em><\/p>\n<p>Questa mostra \u00e8 stata realizzata in collaborazione con <strong>Madeinart.<\/strong><\/p>\n<h3>CURATORI<\/h3>\n<p><strong>Martina Mazzotta<\/strong>&nbsp;\u00e8 una storica dell&#8217;arte, autrice e docente che ha studiato filosofia. Cresciuta nell&#8217;ambiente artistico della casa editrice Fondazione Mazzotta di Milano, ha studiato in Germania e ora vive a Londra, dove \u00e8 ricercatrice associata al Warburg Institute\/UCL. Ha curato numerose mostre in Italia e all&#8217;estero \u2013 che hanno avuto un notevole impatto sulla ricerca su Kandinsky, Ciurlionis, Cage, Dubuffet, Ernst e sul surrealismo \u2013, oltre a progetti di arte contemporanea che hanno ricevuto riconoscimenti. La sua ricerca si concentra sui gabinetti delle curiosit\u00e0 del tardo Rinascimento e sulla loro eredit\u00e0 nel corso dei secoli. Questa mostra \u00e8 la sua seconda collaborazione con J\u00fcrgen Pech, con il quale ha precedentemente condiviso la curatela della retrospettiva di Max Ernst a Milano (ottobre 2022-febbraio 2023).<\/p>\n<p><strong>Dr. J\u00fcrgen Pech<\/strong> \u00e8 curatore di mostre dal 1984 e le sue specializzazioni sono il modernismo classico, l&#8217;arte contemporanea e la fotografia. Ha ricevuto il premio per la curatela nel 2019 per la mostra e il catalogo &#8220;Ruth Marten &#8211; Dream Lover&#8221;. Direttore scientifico e capo curatore del Max Ernst Museum di Br\u00fchl dal 2005 al 2021, dal 2007 scrive un catalogo ragionato dell&#8217;opera di Max Ernst. \u2013 Mondes graphiques&#8217; (2003), &#8216;Max Ernst \u2013 Oeuvres sculpturales&#8217; (2005), &#8216;Max Ernst \u2013 D-paintings. Voyage dans le temps de l&#8217;amour&#8217; (2019) e &#8216;Cr\u00e9atures animales surr\u00e9alistes&#8217; (2021).<\/p>\n<h3>SCENOGRAFIA<\/h3>\n<p><strong>Hubert le Gall<\/strong>, designer, artista e scultore d&#8217;arte contemporanea francese, ha creato scenografie originali per molte mostre, in particolare presso l&#8217;H\u00f4tel de Caumont-Art Centre: &#8216;Joaqu\u00edn Sorolla: Spanish Master of Light&#8217; (2020), &#8216; Hokusai, Utamaro, Hiroshige. i Grandi Maestri del Giappone. The Georges Leskowicz Collection\u201d (2019), \u201cCapolavori della Fondazione Guggenheim: da Manet a Picasso. The Thannhauser Collection\u201d (2019), \u201cNicolas de Sta\u00ebl in Provence\u201d (2018) e \u201cSisley the Impressionist\u201d (2017).<\/p>\n<h3>PRODUZIONE E ORGANIZZAZIONE<\/h3>\n<p>Emmanuelle Lussiez, Exhibitions Director, Culturespaces ; Milly Passigli, Deputy Director&nbsp;of Exhibition Programming ; Madeleine Balansino, Head of Exhibitions at the H\u00f4tel de Caumont-Art Centre ; Livia L\u00e9r\u00e8s et Domitille Sechet, responsible for iconography at Culturespaces.<\/p>","protected":false},"excerpt":{"rendered":"<p>Max Ernst non ha mai smesso di reinventare la sua arte nel corso della sua carriera. Il suo lavoro si nutre di filosofia, psicoanalisi, scienza, alchimia, storia dell&#8217;arte, letteratura e poesia. La mostra si concentrer\u00e0 sui grandi temi dei mondi creati da Max Ernst, illustrando la ricorrenza dei temi che attraversano il suo lavoro. Una [&hellip;]<\/p>\n","protected":false},"author":8,"featured_media":0,"parent":3836,"menu_order":1,"comment_status":"closed","ping_status":"closed","template":"Past-Exhibitions.php","meta":{"_acf_changed":false,"ngg_post_thumbnail":0,"footnotes":""},"categories":[],"tags":[],"class_list":["post-3845","page","type-page","status-publish","hentry"],"acf":[],"_links":{"self":[{"href":"https:\/\/madeinart.it\/it\/wp-json\/wp\/v2\/pages\/3845","targetHints":{"allow":["GET"]}}],"collection":[{"href":"https:\/\/madeinart.it\/it\/wp-json\/wp\/v2\/pages"}],"about":[{"href":"https:\/\/madeinart.it\/it\/wp-json\/wp\/v2\/types\/page"}],"author":[{"embeddable":true,"href":"https:\/\/madeinart.it\/it\/wp-json\/wp\/v2\/users\/8"}],"replies":[{"embeddable":true,"href":"https:\/\/madeinart.it\/it\/wp-json\/wp\/v2\/comments?post=3845"}],"version-history":[{"count":3,"href":"https:\/\/madeinart.it\/it\/wp-json\/wp\/v2\/pages\/3845\/revisions"}],"predecessor-version":[{"id":3855,"href":"https:\/\/madeinart.it\/it\/wp-json\/wp\/v2\/pages\/3845\/revisions\/3855"}],"up":[{"embeddable":true,"href":"https:\/\/madeinart.it\/it\/wp-json\/wp\/v2\/pages\/3836"}],"wp:attachment":[{"href":"https:\/\/madeinart.it\/it\/wp-json\/wp\/v2\/media?parent=3845"}],"wp:term":[{"taxonomy":"category","embeddable":true,"href":"https:\/\/madeinart.it\/it\/wp-json\/wp\/v2\/categories?post=3845"},{"taxonomy":"post_tag","embeddable":true,"href":"https:\/\/madeinart.it\/it\/wp-json\/wp\/v2\/tags?post=3845"}],"curies":[{"name":"wp","href":"https:\/\/api.w.org\/{rel}","templated":true}]}}