{"id":3836,"date":"2023-04-27T19:55:58","date_gmt":"2023-04-27T17:55:58","guid":{"rendered":"https:\/\/madeinart.it\/?page_id=3836"},"modified":"2023-04-27T20:05:08","modified_gmt":"2023-04-27T18:05:08","slug":"maxernst-mondesmagiques","status":"publish","type":"page","link":"https:\/\/madeinart.it\/it\/maxernst-mondesmagiques","title":{"rendered":"MAX ERNST. Mondes magiques, mondes lib\u00e9r\u00e9s"},"content":{"rendered":"<p><img loading=\"lazy\" decoding=\"async\" class=\"alignnone size-full wp-image-3840\" src=\"https:\/\/madeinart.it\/wp-content\/uploads\/2023\/04\/AFFICHE_MAXERNST_page-0001-scaled.jpg\" alt=\"\" width=\"2560\" height=\"1920\" srcset=\"https:\/\/madeinart.it\/wp-content\/uploads\/2023\/04\/AFFICHE_MAXERNST_page-0001-scaled.jpg 2560w, https:\/\/madeinart.it\/wp-content\/uploads\/2023\/04\/AFFICHE_MAXERNST_page-0001-300x225.jpg 300w, https:\/\/madeinart.it\/wp-content\/uploads\/2023\/04\/AFFICHE_MAXERNST_page-0001-1024x768.jpg 1024w, https:\/\/madeinart.it\/wp-content\/uploads\/2023\/04\/AFFICHE_MAXERNST_page-0001-768x576.jpg 768w, https:\/\/madeinart.it\/wp-content\/uploads\/2023\/04\/AFFICHE_MAXERNST_page-0001-1536x1152.jpg 1536w, https:\/\/madeinart.it\/wp-content\/uploads\/2023\/04\/AFFICHE_MAXERNST_page-0001-2048x1536.jpg 2048w, https:\/\/madeinart.it\/wp-content\/uploads\/2023\/04\/AFFICHE_MAXERNST_page-0001-1800x1350.jpg 1800w\" sizes=\"auto, (max-width: 2560px) 100vw, 2560px\" \/>Quest&#8217;anno, l&#8217; H\u00f4tel de Caumont-Centre d\u2019Art dedica il suo periodo espositivo estivo al Genio di Max Ernst (1891\u20131976). Un artista sperimentale e prodigioso, Max Ernst ha vissuto nel secolo dei movimenti d&#8217;avanguardia con una insaziabile sete per la creazione, lasciandosi dietro un operato complesso ed estremamente personale. Artista associato al Dadaismo e al Surrealismo, ha seguito un percorso personale distanziandosi dallo stile del gruppo e producendo lavori visionari, imbevuti di lucidit\u00e0. La mostra presenta 120 lavori che tracciano la carriera di questo artista ingegnoso &#8211; dotato di una personalit\u00e0 libera e unica &#8211; ed evidenzia, in particolare, la sua vicinanza alla natura, al gioco, alla magia, e alla libert\u00e0.&nbsp;<\/p>","protected":false},"excerpt":{"rendered":"<p>Quest&#8217;anno, l&#8217; H\u00f4tel de Caumont-Centre d\u2019Art dedica il suo periodo espositivo estivo al Genio di Max Ernst (1891\u20131976). Un artista sperimentale e prodigioso, Max Ernst ha vissuto nel secolo dei movimenti d&#8217;avanguardia con una insaziabile sete per la creazione, lasciandosi dietro un operato complesso ed estremamente personale. Artista associato al Dadaismo e al Surrealismo, ha [&hellip;]<\/p>\n","protected":false},"author":8,"featured_media":3839,"parent":0,"menu_order":0,"comment_status":"open","ping_status":"open","template":"Past-Exhibitions.php","meta":{"_acf_changed":false,"ngg_post_thumbnail":0,"footnotes":""},"categories":[],"tags":[34,31,45],"class_list":["post-3836","page","type-page","status-publish","has-post-thumbnail","hentry","tag-exhibition","tag-madeinart","tag-max-ernst"],"acf":[],"_links":{"self":[{"href":"https:\/\/madeinart.it\/it\/wp-json\/wp\/v2\/pages\/3836","targetHints":{"allow":["GET"]}}],"collection":[{"href":"https:\/\/madeinart.it\/it\/wp-json\/wp\/v2\/pages"}],"about":[{"href":"https:\/\/madeinart.it\/it\/wp-json\/wp\/v2\/types\/page"}],"author":[{"embeddable":true,"href":"https:\/\/madeinart.it\/it\/wp-json\/wp\/v2\/users\/8"}],"replies":[{"embeddable":true,"href":"https:\/\/madeinart.it\/it\/wp-json\/wp\/v2\/comments?post=3836"}],"version-history":[{"count":1,"href":"https:\/\/madeinart.it\/it\/wp-json\/wp\/v2\/pages\/3836\/revisions"}],"predecessor-version":[{"id":3841,"href":"https:\/\/madeinart.it\/it\/wp-json\/wp\/v2\/pages\/3836\/revisions\/3841"}],"wp:featuredmedia":[{"embeddable":true,"href":"https:\/\/madeinart.it\/it\/wp-json\/wp\/v2\/media\/3839"}],"wp:attachment":[{"href":"https:\/\/madeinart.it\/it\/wp-json\/wp\/v2\/media?parent=3836"}],"wp:term":[{"taxonomy":"category","embeddable":true,"href":"https:\/\/madeinart.it\/it\/wp-json\/wp\/v2\/categories?post=3836"},{"taxonomy":"post_tag","embeddable":true,"href":"https:\/\/madeinart.it\/it\/wp-json\/wp\/v2\/tags?post=3836"}],"curies":[{"name":"wp","href":"https:\/\/api.w.org\/{rel}","templated":true}]}}