{"id":3813,"date":"2023-02-11T20:13:33","date_gmt":"2023-02-11T19:13:33","guid":{"rendered":"https:\/\/madeinart.it\/?page_id=3813"},"modified":"2023-02-11T20:18:42","modified_gmt":"2023-02-11T19:18:42","slug":"the-exhibition","status":"publish","type":"page","link":"https:\/\/madeinart.it\/it\/roylichtenstein3\/the-exhibition","title":{"rendered":"La Mostra"},"content":{"rendered":"<p><strong><img loading=\"lazy\" decoding=\"async\" class=\"alignnone size-full wp-image-3814\" src=\"https:\/\/madeinart.it\/wp-content\/uploads\/2023\/02\/huge.jpeg\" alt=\"\" width=\"1600\" height=\"1110\" srcset=\"https:\/\/madeinart.it\/wp-content\/uploads\/2023\/02\/huge.jpeg 1600w, https:\/\/madeinart.it\/wp-content\/uploads\/2023\/02\/huge-300x208.jpeg 300w, https:\/\/madeinart.it\/wp-content\/uploads\/2023\/02\/huge-1024x710.jpeg 1024w, https:\/\/madeinart.it\/wp-content\/uploads\/2023\/02\/huge-768x533.jpeg 768w, https:\/\/madeinart.it\/wp-content\/uploads\/2023\/02\/huge-1536x1066.jpeg 1536w\" sizes=\"auto, (max-width: 1600px) 100vw, 1600px\" \/>Roy Lichtenstein.<em> Variazioni Pop.<\/em><\/strong> presenta i numerosi temi affrontati dal grande artista americano attraverso una selezione di oltre 50 opere (edizioni e serigrafie, sperimentazioni su metallo, tessuti e plastica oltre a fotografie e video) provenienti da prestigiose collezioni europee e americane.<\/p>\n<p><img loading=\"lazy\" decoding=\"async\" class=\"wp-image-3815 alignleft\" src=\"https:\/\/madeinart.it\/wp-content\/uploads\/2023\/02\/310.jpg\" alt=\"\" width=\"255\" height=\"320\" srcset=\"https:\/\/madeinart.it\/wp-content\/uploads\/2023\/02\/310.jpg 1920w, https:\/\/madeinart.it\/wp-content\/uploads\/2023\/02\/310-239x300.jpg 239w, https:\/\/madeinart.it\/wp-content\/uploads\/2023\/02\/310-816x1024.jpg 816w, https:\/\/madeinart.it\/wp-content\/uploads\/2023\/02\/310-768x964.jpg 768w, https:\/\/madeinart.it\/wp-content\/uploads\/2023\/02\/310-1224x1536.jpg 1224w, https:\/\/madeinart.it\/wp-content\/uploads\/2023\/02\/310-1632x2048.jpg 1632w, https:\/\/madeinart.it\/wp-content\/uploads\/2023\/02\/310-1800x2258.jpg 1800w\" sizes=\"auto, (max-width: 255px) 100vw, 255px\" \/>Seguendo un andamento principalmente cronologico che coincide con uno sviluppo tematico, la mostra ripercorre l\u2019intera carriera artistica di Lichtenstein a partire dagli \u201960, in cui ritroviamo i suoi temi e generi, dai fumetti e la pubblicit\u00e0, la natura morta, il paesaggio, le incursioni nell\u2019astrazione e nelle forme dei grandi maestri, gli interni bidimensionali, fino alla serie dei nudi femminili.<\/p>\n<p>&nbsp;<\/p>\n<p class=\"p1\">\u201c<i>La sua arte<\/i> <i>basata sugli effetti della percezione visiva, \u00e8 un\u2019arte dello sguardo, \u00e8 perci\u00f2 comprensibile come, in una societ\u00e0 che a partire proprio dagli anni 60 \u00e8 stata progressivamente pervasa dal potere dell\u2019immagine, essa abbia ancora una forte e perdurante influenza sui creativi della visione<\/i>.\u201d<br \/>\n&#8211; Gianni Mercurio, Curatore della Mostra<\/p>\n<p>&nbsp;<\/p>\n<p class=\"p1\">Accompagna la mostra un catalogo con testi del curatore, di Roy Lichtenstein stesso e della scrittrice e storica dell\u2019arte <b>Avis Berman<\/b>.<\/p>\n<p><\/p>","protected":false},"excerpt":{"rendered":"<p>Roy Lichtenstein. Variazioni Pop. presenta i numerosi temi affrontati dal grande artista americano attraverso una selezione di oltre 50 opere (edizioni e serigrafie, sperimentazioni su metallo, tessuti e plastica oltre a fotografie e video) provenienti da prestigiose collezioni europee e americane. Seguendo un andamento principalmente cronologico che coincide con uno sviluppo tematico, la mostra ripercorre [&hellip;]<\/p>\n","protected":false},"author":8,"featured_media":0,"parent":3801,"menu_order":1,"comment_status":"closed","ping_status":"closed","template":"Past-Exhibitions.php","meta":{"_acf_changed":false,"ngg_post_thumbnail":0,"footnotes":""},"categories":[],"tags":[],"class_list":["post-3813","page","type-page","status-publish","hentry"],"acf":[],"_links":{"self":[{"href":"https:\/\/madeinart.it\/it\/wp-json\/wp\/v2\/pages\/3813","targetHints":{"allow":["GET"]}}],"collection":[{"href":"https:\/\/madeinart.it\/it\/wp-json\/wp\/v2\/pages"}],"about":[{"href":"https:\/\/madeinart.it\/it\/wp-json\/wp\/v2\/types\/page"}],"author":[{"embeddable":true,"href":"https:\/\/madeinart.it\/it\/wp-json\/wp\/v2\/users\/8"}],"replies":[{"embeddable":true,"href":"https:\/\/madeinart.it\/it\/wp-json\/wp\/v2\/comments?post=3813"}],"version-history":[{"count":2,"href":"https:\/\/madeinart.it\/it\/wp-json\/wp\/v2\/pages\/3813\/revisions"}],"predecessor-version":[{"id":3817,"href":"https:\/\/madeinart.it\/it\/wp-json\/wp\/v2\/pages\/3813\/revisions\/3817"}],"up":[{"embeddable":true,"href":"https:\/\/madeinart.it\/it\/wp-json\/wp\/v2\/pages\/3801"}],"wp:attachment":[{"href":"https:\/\/madeinart.it\/it\/wp-json\/wp\/v2\/media?parent=3813"}],"wp:term":[{"taxonomy":"category","embeddable":true,"href":"https:\/\/madeinart.it\/it\/wp-json\/wp\/v2\/categories?post=3813"},{"taxonomy":"post_tag","embeddable":true,"href":"https:\/\/madeinart.it\/it\/wp-json\/wp\/v2\/tags?post=3813"}],"curies":[{"name":"wp","href":"https:\/\/api.w.org\/{rel}","templated":true}]}}