{"id":3778,"date":"2022-10-26T18:45:00","date_gmt":"2022-10-26T16:45:00","guid":{"rendered":"https:\/\/madeinart.it\/?page_id=3778"},"modified":"2022-10-26T18:57:14","modified_gmt":"2022-10-26T16:57:14","slug":"the-exhibition","status":"publish","type":"page","link":"https:\/\/madeinart.it\/it\/i-andywarhol\/the-exhibition","title":{"rendered":"La Mostra"},"content":{"rendered":"<p><img loading=\"lazy\" decoding=\"async\" class=\"alignnone size-full wp-image-3771\" src=\"https:\/\/madeinart.it\/wp-content\/uploads\/2022\/10\/\u2568\u0434\u2568\u255b\u2564\u0412\u2568\u255b-1.jpg\" alt=\"\" width=\"1118\" height=\"745\" srcset=\"https:\/\/madeinart.it\/wp-content\/uploads\/2022\/10\/\u2568\u0434\u2568\u255b\u2564\u0412\u2568\u255b-1.jpg 1118w, https:\/\/madeinart.it\/wp-content\/uploads\/2022\/10\/\u2568\u0434\u2568\u255b\u2564\u0412\u2568\u255b-1-300x200.jpg 300w, https:\/\/madeinart.it\/wp-content\/uploads\/2022\/10\/\u2568\u0434\u2568\u255b\u2564\u0412\u2568\u255b-1-1024x682.jpg 1024w, https:\/\/madeinart.it\/wp-content\/uploads\/2022\/10\/\u2568\u0434\u2568\u255b\u2564\u0412\u2568\u255b-1-768x512.jpg 768w\" sizes=\"auto, (max-width: 1118px) 100vw, 1118px\" \/><\/p>\n<p>La mostra <strong>&#8220;I, Andy Warhol&#8221;<\/strong> \u00e8 curata da Gianni Mercurio ed espone circa 150 opere dell&#8217;artista americano &#8211; tra cui dipinti, disegni ed edizioni &#8211; corredate da foto di rinomati fotografi tra cui Fred W. McDarrah, Gerard Malanga, Christopher Makos, che sono stati vicini a Warhol in diverse decadi della sua vita della sua carriera. Inoltre, tra gli oggetti esposti, si possono riconoscere anche i magazine di moda originali, per i quali Warhol lavor\u00f2 come illustratore negli anni &#8217;50, un numero considerevole di copie di Interview Magazine con le copertine originali disegnate da Warhol stesso, e video.<\/p>\n<p>Tutti i lavori e i materiali sono stati organizzati secondo un apparato filologico che consente un approccio alla complessa personalit\u00e0 di Andy Warhol ed al contesto storico della sua carriera artistica. In effetti, lo scopo di &#8220;I, Andy Warhol&#8221; \u00e8 di rivelare ai visitatori sia l&#8217;uomo che la grande personalit\u00e0 comunicativa, la cui voce pu\u00f2 ancora essere udita, ben 27 anni dopo la sua morte.<\/p>\n<div style=\"width: 640px;\" class=\"wp-video\"><!--[if lt IE 9]><script>document.createElement('video');<\/script><![endif]-->\n<video class=\"wp-video-shortcode\" id=\"video-3778-1\" width=\"640\" height=\"360\" preload=\"metadata\" controls=\"controls\"><source type=\"video\/mp4\" src=\"https:\/\/madeinart.it\/wp-content\/uploads\/2022\/10\/From-Marilyn-to-Lenin_-200-of-Andy-Warhols-works-on-display-in-Moscow-2.mp4?_=1\" \/><a href=\"https:\/\/madeinart.it\/wp-content\/uploads\/2022\/10\/From-Marilyn-to-Lenin_-200-of-Andy-Warhols-works-on-display-in-Moscow-2.mp4\">https:\/\/madeinart.it\/wp-content\/uploads\/2022\/10\/From-Marilyn-to-Lenin_-200-of-Andy-Warhols-works-on-display-in-Moscow-2.mp4<\/a><\/video><\/div>\n<p>&nbsp;<\/p>\n<p><strong><u>La Mostra<\/u><\/strong><\/p>\n<p>Il percorso espositivo prosegue attraverso la vita ed i temi dell&#8217;arte di Warhol, iniziando dai primi anni &#8217;50, quando si trasfer\u00ec da Pittsburg a New York, dove trova lavoro come artista commerciale ed illustratore. Una serie di riviste originali incluse cope di Vogue e Harper&#8217;s Bazaar, mostrano il suo stile pre-pop meno conosciuto ai pi\u00f9. Profeticamente, il suo primo lavoro \u00e8 stato per <em>Glamour<\/em> magazine, nel Settembre 1949, per un articolo dal titolo: &#8220;Il Successo \u00e8 un lavoro a New York.&#8221;<\/p>\n<p>Puoi ancora visitare la mostra &#8220;I, Andy Warhol&#8221;, qui:<br \/>\n<a href=\"https:\/\/my.matterport.com\/show\/?m=CzsTPxG1bkb&amp;sr=-3.13,.06&amp;ss=13\">VIRTUAL TOUR<\/a><\/p>","protected":false},"excerpt":{"rendered":"<p>La mostra &#8220;I, Andy Warhol&#8221; \u00e8 curata da Gianni Mercurio ed espone circa 150 opere dell&#8217;artista americano &#8211; tra cui dipinti, disegni ed edizioni &#8211; corredate da foto di rinomati fotografi tra cui Fred W. McDarrah, Gerard Malanga, Christopher Makos, che sono stati vicini a Warhol in diverse decadi della sua vita della sua carriera. [&hellip;]<\/p>\n","protected":false},"author":8,"featured_media":0,"parent":3768,"menu_order":1,"comment_status":"closed","ping_status":"closed","template":"Past-Exhibitions.php","meta":{"_acf_changed":false,"ngg_post_thumbnail":0,"footnotes":""},"categories":[],"tags":[],"class_list":["post-3778","page","type-page","status-publish","hentry"],"acf":[],"_links":{"self":[{"href":"https:\/\/madeinart.it\/it\/wp-json\/wp\/v2\/pages\/3778","targetHints":{"allow":["GET"]}}],"collection":[{"href":"https:\/\/madeinart.it\/it\/wp-json\/wp\/v2\/pages"}],"about":[{"href":"https:\/\/madeinart.it\/it\/wp-json\/wp\/v2\/types\/page"}],"author":[{"embeddable":true,"href":"https:\/\/madeinart.it\/it\/wp-json\/wp\/v2\/users\/8"}],"replies":[{"embeddable":true,"href":"https:\/\/madeinart.it\/it\/wp-json\/wp\/v2\/comments?post=3778"}],"version-history":[{"count":3,"href":"https:\/\/madeinart.it\/it\/wp-json\/wp\/v2\/pages\/3778\/revisions"}],"predecessor-version":[{"id":3783,"href":"https:\/\/madeinart.it\/it\/wp-json\/wp\/v2\/pages\/3778\/revisions\/3783"}],"up":[{"embeddable":true,"href":"https:\/\/madeinart.it\/it\/wp-json\/wp\/v2\/pages\/3768"}],"wp:attachment":[{"href":"https:\/\/madeinart.it\/it\/wp-json\/wp\/v2\/media?parent=3778"}],"wp:term":[{"taxonomy":"category","embeddable":true,"href":"https:\/\/madeinart.it\/it\/wp-json\/wp\/v2\/categories?post=3778"},{"taxonomy":"post_tag","embeddable":true,"href":"https:\/\/madeinart.it\/it\/wp-json\/wp\/v2\/tags?post=3778"}],"curies":[{"name":"wp","href":"https:\/\/api.w.org\/{rel}","templated":true}]}}