{"id":3775,"date":"2021-10-26T18:11:48","date_gmt":"2021-10-26T16:11:48","guid":{"rendered":"https:\/\/madeinart.it\/?page_id=3775"},"modified":"2022-10-26T18:49:51","modified_gmt":"2022-10-26T16:49:51","slug":"the-artist","status":"publish","type":"page","link":"https:\/\/madeinart.it\/it\/i-andywarhol\/the-artist","title":{"rendered":"L&#8217; Artista"},"content":{"rendered":"<p><em>\u201cSe vuoi conoscere davvero Andy Warhol, basta guardare la superficie: dei miei quadri e films, di me stesso, e qui sono io. Non c&#8217;\u00e8 nulla dietro.&#8221;<br \/>\nAndy Warhol<\/em><\/p>\n<div id=\"attachment_3770\" class=\"wp-caption alignnone\"><img loading=\"lazy\" decoding=\"async\" class=\"size-full wp-image-3770\" src=\"https:\/\/madeinart.it\/wp-content\/uploads\/2022\/10\/20200424_Warhol_STG.jpg\" alt=\"\" width=\"1020\" height=\"649\" srcset=\"https:\/\/madeinart.it\/wp-content\/uploads\/2022\/10\/20200424_Warhol_STG.jpg 1020w, https:\/\/madeinart.it\/wp-content\/uploads\/2022\/10\/20200424_Warhol_STG-300x191.jpg 300w, https:\/\/madeinart.it\/wp-content\/uploads\/2022\/10\/20200424_Warhol_STG-768x489.jpg 768w\" sizes=\"auto, (max-width: 1020px) 100vw, 1020px\" \/><p class=\"wp-caption-text\">Andy WARHOL Vesuvius<br \/>Photo: \u00a9 2018 The Andy Warhol Foundation for the Visual Arts<\/p><\/div>\n<p>Andy Warhol (Pittsburgh, 1928 \u2013 New York, 1987) rappresenta una delle figure artistiche pi\u00f9 complesse dell&#8217;intero dopo-guerra. Un personaggio eclettico, fin dai suoi inizi, Warhol \u00e8 considerato un emblema della cultura Americana degli anni &#8217;60 e &#8217;70. Con la sua filosofia e le sue invenzioni, Warhol ha determinato un nuovo modo di guardare la vita. L&#8217;evidenza della sua forte influenza \u00e8 data dal fatto che il suo stile sia riconoscibile nei lavori di vari artisti, anche i pi\u00f9 giovani, che lo vedono come un ineluttabile punto focale.<\/p>\n<div id=\"attachment_3781\" class=\"wp-caption alignleft\"><img loading=\"lazy\" decoding=\"async\" class=\" wp-image-3781\" src=\"https:\/\/madeinart.it\/wp-content\/uploads\/2022\/10\/Schermata-2022-10-26-alle-18.22.54.png\" alt=\"\" width=\"239\" height=\"301\" srcset=\"https:\/\/madeinart.it\/wp-content\/uploads\/2022\/10\/Schermata-2022-10-26-alle-18.22.54.png 592w, https:\/\/madeinart.it\/wp-content\/uploads\/2022\/10\/Schermata-2022-10-26-alle-18.22.54-238x300.png 238w\" sizes=\"auto, (max-width: 239px) 100vw, 239px\" \/><p class=\"wp-caption-text\">Camouflage, 1987<br \/>Screenprint on paper. Ed 6\/80<br \/>95,5 x 96,4 cm. Zoya Gallery, Brarislava<\/p><\/div>\n<p>Fin dagli inizi negli anni &#8217;70, Warhol ha capito il potenziale della Televisione e del suo potere penetrativo attraverso la pubblicit\u00e0. Warhol ha dunque assimilato questi elementi nei suoi lavori, rimodellandoli in forme e colori, rendendoli fondamentali per la sua &#8220;arte totale&#8221;. Warhol \u00e8 stato pittore, artista commerciale, illustratore, scultore, produttore, regista, direttore, attore, modello, scrittore, filosofo, sceneggiatore, editore, insegnante, grafico, agente, fotografo, manager. Tuttavia, Andy Warhol \u00e8 stato soprattutto un grand comunicatore.<\/p>\n<p>Il suo lavoro come scrittore e filosofo esamina la sua societ\u00e0 contemporanea, anticipando gli sviluppi di nuovi e aggiuntivi stili di vita. Non a caso molte delle sue usanze sono famose tanto quanto le sue opere.<\/p>\n<p>Warhol comprende prima di altri l&#8217;importanza della comunicazione e della collaborazione. L&#8217;artista vuole la <em>pop<\/em>olarit\u00e0 per i suoi lavori &#8211; nonostante le loro qualit\u00e0 &#8211; come la targhetta della zuppa Campbell o il logo della Coca-Cola, cos\u00ec da raggiungere tutti e non solo coloro che fanno parte del mondo dell&#8217;arte, entrando nelle case di tutti in modo naturale, come le pubblicit\u00e0 televisive.<\/p>\n<p>&nbsp;<\/p>\n<p>L&#8217;artista ha anche riconosciuto il potenziale di coloro che ha scelto come parte del suo team, elaborando le sue idee e suggerimenti: oggi la televisione supervisiona le nostre vite, la pubblicit\u00e0 cresce sempre di pi\u00f9 e le corporazioni divengono sempre pi\u00f9 globali.<\/p>","protected":false},"excerpt":{"rendered":"<p>\u201cSe vuoi conoscere davvero Andy Warhol, basta guardare la superficie: dei miei quadri e films, di me stesso, e qui sono io. Non c&#8217;\u00e8 nulla dietro.&#8221; Andy Warhol Andy Warhol (Pittsburgh, 1928 \u2013 New York, 1987) rappresenta una delle figure artistiche pi\u00f9 complesse dell&#8217;intero dopo-guerra. Un personaggio eclettico, fin dai suoi inizi, Warhol \u00e8 considerato [&hellip;]<\/p>\n","protected":false},"author":8,"featured_media":0,"parent":3768,"menu_order":0,"comment_status":"closed","ping_status":"closed","template":"Past-Exhibitions.php","meta":{"_acf_changed":false,"ngg_post_thumbnail":0,"footnotes":""},"categories":[],"tags":[],"class_list":["post-3775","page","type-page","status-publish","hentry"],"acf":[],"_links":{"self":[{"href":"https:\/\/madeinart.it\/it\/wp-json\/wp\/v2\/pages\/3775","targetHints":{"allow":["GET"]}}],"collection":[{"href":"https:\/\/madeinart.it\/it\/wp-json\/wp\/v2\/pages"}],"about":[{"href":"https:\/\/madeinart.it\/it\/wp-json\/wp\/v2\/types\/page"}],"author":[{"embeddable":true,"href":"https:\/\/madeinart.it\/it\/wp-json\/wp\/v2\/users\/8"}],"replies":[{"embeddable":true,"href":"https:\/\/madeinart.it\/it\/wp-json\/wp\/v2\/comments?post=3775"}],"version-history":[{"count":3,"href":"https:\/\/madeinart.it\/it\/wp-json\/wp\/v2\/pages\/3775\/revisions"}],"predecessor-version":[{"id":3782,"href":"https:\/\/madeinart.it\/it\/wp-json\/wp\/v2\/pages\/3775\/revisions\/3782"}],"up":[{"embeddable":true,"href":"https:\/\/madeinart.it\/it\/wp-json\/wp\/v2\/pages\/3768"}],"wp:attachment":[{"href":"https:\/\/madeinart.it\/it\/wp-json\/wp\/v2\/media?parent=3775"}],"wp:term":[{"taxonomy":"category","embeddable":true,"href":"https:\/\/madeinart.it\/it\/wp-json\/wp\/v2\/categories?post=3775"},{"taxonomy":"post_tag","embeddable":true,"href":"https:\/\/madeinart.it\/it\/wp-json\/wp\/v2\/tags?post=3775"}],"curies":[{"name":"wp","href":"https:\/\/api.w.org\/{rel}","templated":true}]}}