{"id":3758,"date":"2022-10-26T16:54:05","date_gmt":"2022-10-26T14:54:05","guid":{"rendered":"https:\/\/madeinart.it\/?page_id=3758"},"modified":"2022-10-26T16:54:05","modified_gmt":"2022-10-26T14:54:05","slug":"the-artist","status":"publish","type":"page","link":"https:\/\/madeinart.it\/it\/banksy-rome\/the-artist","title":{"rendered":"L&#8217;Artista"},"content":{"rendered":"<p>&nbsp;<\/p>\n<div id=\"attachment_3475\" class=\"wp-caption alignright\"><img loading=\"lazy\" decoding=\"async\" class=\"wp-image-3475\" src=\"http:\/\/madeinart.it\/wp-content\/uploads\/2020\/11\/Soup-Cans-Violet-Cherry-Beige-2005.jpg\" alt=\"\" width=\"264\" height=\"382\" srcset=\"https:\/\/madeinart.it\/wp-content\/uploads\/2020\/11\/Soup-Cans-Violet-Cherry-Beige-2005.jpg 1500w, https:\/\/madeinart.it\/wp-content\/uploads\/2020\/11\/Soup-Cans-Violet-Cherry-Beige-2005-207x300.jpg 207w, https:\/\/madeinart.it\/wp-content\/uploads\/2020\/11\/Soup-Cans-Violet-Cherry-Beige-2005-768x1111.jpg 768w, https:\/\/madeinart.it\/wp-content\/uploads\/2020\/11\/Soup-Cans-Violet-Cherry-Beige-2005-708x1024.jpg 708w\" sizes=\"auto, (max-width: 264px) 100vw, 264px\" \/><p class=\"wp-caption-text\">&#8220;Soup Cans: Violet Cherry Beige&#8221;, 2005, serigrafia a colori su carta, Artrust<\/p><\/div>\n<p><strong>Chi \u00e8 Banksy?<\/strong><\/p>\n<p><em>Non so perch\u00e9 le persone siano cos\u00ec entusiaste di rendere pubblici i dettagli della vita privata: l\u2019invisibilit\u00e0 \u00e8 un superpotere.<\/em><\/p>\n<p>Presumibilmente nato a Bristol all\u2019inizio degli anni Settanta, Banksy \u00e8 considerato uno dei maggiori esponenti della street art ed \u00e8 stato inserito nel 2019 da ArtReview al&nbsp; quattordicesimo posto nella classifica delle cento personalit\u00e0 pi\u00f9 influenti nel mondo dell\u2019arte. Ma nessuno, a parte i suoi amici e i suoi collaboratori pi\u00f9 stretti, conosce la sua identit\u00e0. Quello che sappiamo \u00e8 che si \u00e8 formato nella scena underground di Bristol, dove ha collaborato con diversi artisti e musicisti e che la sua produzione artistica \u00e8 iniziata a fine anni Novanta. Da<br \/>\nquesto momento in poi, ha iniziato a invadere numerose citt\u00e0, da Bristol a Londra, a New York, a Gerusalemme fino a Venezia con graffiti e varie performance e incursioni. l\u2019anonimato.<\/p>\n<p><em>Non ho il minimo interesse a rivelare la mia identit\u00e0. Ci sono gi\u00e0 abbastanza stronzi pieni di s\u00e9 che<\/em><br \/>\n<em>cercano di schiaffarvi il loro brutto muso davanti.<\/em><\/p>\n<p>&nbsp;<\/p>\n<p>La scelta di rimanere nell\u2019anonimato nasce da un insieme di esigenze: la necessit\u00e0 di sfuggire alla polizia, data la realizzazione di incursioni e di graffiti illegali; tutelarsi considerando lo sfondo satirico delle sue opere che trattano argomenti sensibili come la politica e l&#8217;etica; il desiderio di non inquinare la percezione della sua identit\u00e0 e delle sue opere, come afferma l\u2019artista stesso.<\/p>\n<p>&nbsp;<\/p>","protected":false},"excerpt":{"rendered":"<p>&nbsp; Chi \u00e8 Banksy? Non so perch\u00e9 le persone siano cos\u00ec entusiaste di rendere pubblici i dettagli della vita privata: l\u2019invisibilit\u00e0 \u00e8 un superpotere. Presumibilmente nato a Bristol all\u2019inizio degli anni Settanta, Banksy \u00e8 considerato uno dei maggiori esponenti della street art ed \u00e8 stato inserito nel 2019 da ArtReview al&nbsp; quattordicesimo posto nella classifica [&hellip;]<\/p>\n","protected":false},"author":8,"featured_media":0,"parent":3753,"menu_order":0,"comment_status":"closed","ping_status":"closed","template":"Past-Exhibitions.php","meta":{"_acf_changed":false,"ngg_post_thumbnail":0,"footnotes":""},"categories":[],"tags":[38,176,31,177,175],"class_list":["post-3758","page","type-page","status-publish","hentry","tag-banksy","tag-chiostro-del-bramante","tag-madeinart","tag-roma","tag-rome"],"acf":[],"_links":{"self":[{"href":"https:\/\/madeinart.it\/it\/wp-json\/wp\/v2\/pages\/3758","targetHints":{"allow":["GET"]}}],"collection":[{"href":"https:\/\/madeinart.it\/it\/wp-json\/wp\/v2\/pages"}],"about":[{"href":"https:\/\/madeinart.it\/it\/wp-json\/wp\/v2\/types\/page"}],"author":[{"embeddable":true,"href":"https:\/\/madeinart.it\/it\/wp-json\/wp\/v2\/users\/8"}],"replies":[{"embeddable":true,"href":"https:\/\/madeinart.it\/it\/wp-json\/wp\/v2\/comments?post=3758"}],"version-history":[{"count":2,"href":"https:\/\/madeinart.it\/it\/wp-json\/wp\/v2\/pages\/3758\/revisions"}],"predecessor-version":[{"id":3760,"href":"https:\/\/madeinart.it\/it\/wp-json\/wp\/v2\/pages\/3758\/revisions\/3760"}],"up":[{"embeddable":true,"href":"https:\/\/madeinart.it\/it\/wp-json\/wp\/v2\/pages\/3753"}],"wp:attachment":[{"href":"https:\/\/madeinart.it\/it\/wp-json\/wp\/v2\/media?parent=3758"}],"wp:term":[{"taxonomy":"category","embeddable":true,"href":"https:\/\/madeinart.it\/it\/wp-json\/wp\/v2\/categories?post=3758"},{"taxonomy":"post_tag","embeddable":true,"href":"https:\/\/madeinart.it\/it\/wp-json\/wp\/v2\/tags?post=3758"}],"curies":[{"name":"wp","href":"https:\/\/api.w.org\/{rel}","templated":true}]}}