{"id":3283,"date":"2019-04-26T12:09:02","date_gmt":"2019-04-26T10:09:02","guid":{"rendered":"http:\/\/madeinart.it\/?page_id=3283"},"modified":"2019-04-30T10:23:10","modified_gmt":"2019-04-30T08:23:10","slug":"the-artist","status":"publish","type":"page","link":"https:\/\/madeinart.it\/it\/theartofbanksy\/the-artist","title":{"rendered":"L&#8217;Artista"},"content":{"rendered":"<p>C&#8217;\u00e8 molta speculazione sul suo nome e la sua identit\u00e0. Banksy nasce e cresce a Bristol, ed escluso questo, di lui non si conosce altro: \u00e8 impossibile scoprire i dettagli della sua vita, anche se in molti vi hanno tentato.<br \/>\nGianni Mercurio, curatore della mostra, sottolinea come i &#8220;writers&#8221; di ieri (gli artisti che nei primi anni Settanta realizzarono a New York i primi graffiti sulle carrozze dei treni, nei sottopassaggi pedonali e poi sui muri delle stazioni di New York) condividono con gli street artist di oggi la loro origine multiculturale. I primi writers provenivano da diversi quartieri di New York, in cui vivevano comunit\u00e0 diverse (ad esempio, i neri di Harlem, gli ispanici e gli italiani del Bronx e quelli del lower East Side). Non \u00e8 un caso che l&#8217;effetto primario della loro espressione fosse l&#8217;invenzione di un nuovo stile che precedentemente non esisteva, un amalgama di molte scritture, che spaziavano da quella araba a quella occidentale e asiatica. In questo panorama, Mercurio dichiara, \u201cBanksy amplifica ed espande il carattere multiculturale dei writers che inizialmente lo hanno ispirato: come gli street artist della sua generazione, accentua il contenuto socio-politico in modo esplicito, spostando radicalmente il messaggio dalla forma al contenuto\u201d. Il suo messaggio, la sua arte, si manifestano come una critica esplicita e feroce diretta all&#8217;arroganza dell&#8217;establishment, del potere, del conformismo, della guerra e del consumismo.<\/p>\n<p>Come Shepard Fairey ha spiegato, \u201cle sue opere sono piene di metafore che trascendono le barriere linguistiche. Le immagini sono divertenti e spiritose, eppure cos\u00ec semplici e accessibili: anche dei bambini di sei anni che non possiedono alcun concetto di conflitto culturale, non hanno problemi nel vedere che c&#8217;\u00e8 qualcosa che non quadra, osservando la Monna Lisa con un lanciarazzi.\u201d Nel lavoro di Banksy le parole vanno spesso al di l\u00e0 di una valutazione estetica (che in ogni caso va contro la sensibilit\u00e0 dell&#8217;artista) o di una dichiarazione di intenti, ma sottolineano la sua ferma posizione contro il sistema dell&#8217;arte contemporanea. Il lavoro di Banksy interessa sempre pi\u00f9 i commercianti d&#8217;arte e appare nelle case dei pi\u00f9 importanti collezionisti di tendenza. Contrariamente a quanto l&#8217;artista vorrebbe, contrapposto alla convalida capitalista dell&#8217;arte, il valore del suo lavoro sta aumentando esponenzialmente, creando ci\u00f2 che Mercurio descrive come un \u201culteriore corto circuito intorno a Banksy, arrivando in cima a quelli che gi\u00e0 circondano questa figura quasi leggendaria.\u201d<\/p>","protected":false},"excerpt":{"rendered":"<p>C&#8217;\u00e8 molta speculazione sul suo nome e la sua identit\u00e0. Banksy nasce e cresce a Bristol, ed escluso questo, di lui non si conosce altro: \u00e8 impossibile scoprire i dettagli della sua vita, anche se in molti vi hanno tentato. Gianni Mercurio, curatore della mostra, sottolinea come i &#8220;writers&#8221; di ieri (gli artisti che nei [&hellip;]<\/p>\n","protected":false},"author":6,"featured_media":0,"parent":3279,"menu_order":0,"comment_status":"open","ping_status":"closed","template":"Past-Exhibitions.php","meta":{"_acf_changed":false,"ngg_post_thumbnail":0,"footnotes":""},"categories":[],"tags":[],"class_list":["post-3283","page","type-page","status-publish","hentry"],"acf":[],"_links":{"self":[{"href":"https:\/\/madeinart.it\/it\/wp-json\/wp\/v2\/pages\/3283","targetHints":{"allow":["GET"]}}],"collection":[{"href":"https:\/\/madeinart.it\/it\/wp-json\/wp\/v2\/pages"}],"about":[{"href":"https:\/\/madeinart.it\/it\/wp-json\/wp\/v2\/types\/page"}],"author":[{"embeddable":true,"href":"https:\/\/madeinart.it\/it\/wp-json\/wp\/v2\/users\/6"}],"replies":[{"embeddable":true,"href":"https:\/\/madeinart.it\/it\/wp-json\/wp\/v2\/comments?post=3283"}],"version-history":[{"count":6,"href":"https:\/\/madeinart.it\/it\/wp-json\/wp\/v2\/pages\/3283\/revisions"}],"predecessor-version":[{"id":3394,"href":"https:\/\/madeinart.it\/it\/wp-json\/wp\/v2\/pages\/3283\/revisions\/3394"}],"up":[{"embeddable":true,"href":"https:\/\/madeinart.it\/it\/wp-json\/wp\/v2\/pages\/3279"}],"wp:attachment":[{"href":"https:\/\/madeinart.it\/it\/wp-json\/wp\/v2\/media?parent=3283"}],"wp:term":[{"taxonomy":"category","embeddable":true,"href":"https:\/\/madeinart.it\/it\/wp-json\/wp\/v2\/categories?post=3283"},{"taxonomy":"post_tag","embeddable":true,"href":"https:\/\/madeinart.it\/it\/wp-json\/wp\/v2\/tags?post=3283"}],"curies":[{"name":"wp","href":"https:\/\/api.w.org\/{rel}","templated":true}]}}