{"id":3264,"date":"2018-11-19T11:50:00","date_gmt":"2018-11-19T10:50:00","guid":{"rendered":"http:\/\/madeinart.it\/?page_id=3264"},"modified":"2018-11-19T11:50:00","modified_gmt":"2018-11-19T10:50:00","slug":"the-exhibition","status":"publish","type":"page","link":"https:\/\/madeinart.it\/it\/contemporary-chaos\/the-exhibition","title":{"rendered":"La Mostra"},"content":{"rendered":"<p><\/p>\n<h4><img loading=\"lazy\" decoding=\"async\" class=\"alignnone size-full wp-image-3060\" src=\"http:\/\/madeinart.it\/wp-content\/uploads\/2018\/05\/Contemporary-Chaos_web.jpg\" alt=\"\" width=\"1100\" height=\"700\" srcset=\"https:\/\/madeinart.it\/wp-content\/uploads\/2018\/05\/Contemporary-Chaos_web.jpg 1100w, https:\/\/madeinart.it\/wp-content\/uploads\/2018\/05\/Contemporary-Chaos_web-300x191.jpg 300w, https:\/\/madeinart.it\/wp-content\/uploads\/2018\/05\/Contemporary-Chaos_web-768x489.jpg 768w, https:\/\/madeinart.it\/wp-content\/uploads\/2018\/05\/Contemporary-Chaos_web-1024x652.jpg 1024w\" sizes=\"auto, (max-width: 1100px) 100vw, 1100px\" \/><\/h4>\n<h4>\u00c8 stata inaugurata il 5 maggio 2018 la sedicesima edizione della mostra estiva del Vestfossen KunstLaboratorium. Curata da Demetrio Paparoni, realizzata dalle Istituzioni norvegesi in collaborazione con MADEINART, l\u2019esposizione internazionale, intitolata &#8220;Contemporay Chaos&#8221;, presenta oltre sessanta artisti.<br \/>\nFocalizzando l\u2019attenzione su artisti che provengono da tutto il mondo, comprese aree geografiche che un tempo sarebbero state considerate periferiche, la mostra tende a mettere in evidenza il moltiplicarsi di centri propulsori dell\u2019arte.<\/h4>\n<p>L\u2019apertura di nuovi mercati e gli effetti della rivoluzione digitale hanno progressivamente generato una tale quantit\u00e0 di informazioni sull\u2019arte, su eventi considerati importanti, ma spesso effimeri, da vanificare ogni tentativo di raggruppamento critico-teorico. Il caos linguistico che scaturisce dalla sovrapposizione dei linguaggi \u00e8 dunque un fenomeno che va al di l\u00e0 del superamento dei movimenti e delle tendenze che si \u00e8 manifestato a partire dagli anni ottanta del XX secolo. &#8220;Contemporary Chaos&#8221; include dipinti, fotografie, video, performance e grandi installazioni. Muovendo dal presupposto che sarebbe velleitario trovare una trama unitaria nella scena dell\u2019arte contemporanea, in occidente quanto in oriente, la mostra nega che possano esistere modelli linguistici universali. A differenza di quanto \u00e8 avvenuto con il modernismo, l\u2019arte dei nostri giorni non progetta il futuro, ma analizza il presente, concentrandosi sul \u201cqui e ora\u201d. Nella complessit\u00e0 dei linguaggi che &#8220;Contemporary Chaos&#8221; prende in considerazione nei quattro piani del grande edificio di una ex fabbrica di cellulosa, accanto a video, foto, sculture e installazioni, assume rilevanza la significativa la presenza della pittura, solitamente marginale all\u2019interno delle grandi mostre internazionali.<\/p>\n<p>&nbsp;<\/p>\n<p><strong>Artisti:<\/strong> Ljubodeag Andric (Canada), Paola Angelini (Italia), Ghazaleh Avarzamani (Iran), Nadia Bamadhaj (Malesia), Domenico Bianchi (Italia), Andrea Bianconi (Italia), Thomas Braida (Italia), Vanni Cuoghi (Italia), Espen Dietrichson (Norvegia), Lars Elling (Norvegia), Sergio Fermariello (Italia), Barnaba Fornasetti\/Valeria Manzi (Italia), Letizia Fornasieri (Italia), Giovanni Frangi (Italia), Helgi Fridjonsson (Islanda), Daniel &amp; Geo Fuchs (Germania), Daniele Galliano (Italia), Timothy Greenfield-Sanders (USA), Gottfried Helnwein (Austria-Irlanda), Paolo Iacchetti (Italia), Liu Jianhua (Cina), Bree Jonson (Filippine), Chiara Lecca (Italia), Justin Lim (Malesia), Georg \u00d3skar (Islanda), Sverre Malling (Norvegia), Masbedo (Italy), Sebastiano Mauri (Italia), Rafael Megall (Armenia), Alessandro Mendini (Italia), Kristoffer Myskja (Norvegia), Maria Mulas (Italia), Marco Neri (Italia), Nunzio (Italia), Tony Oursler (USA), Francesco Polenghi (Italia), Ruben Pang (Singapore), Laurent Reypens (Belgio), Bernard\u00ed Roig (Spagna), Anne Samat (Malesia), Nicola Samor\u00ec (Italia), Vibeke Slyngstad (Norvegia), Christoph Schirmer (Austria), Andres Serrano (USA), Doug and Mike Starn (USA), Tjook (Netherlands), Liliane Tomasko (Switzerland), Natee Utarit (Thailand), Ronald Ventura (Filippine), Nicola Verlato (Italia), Luis Vidal (Spagna), Tamas Kaszas (Ungheria), Ruprecht Von Kaufmann (Germania), Wang Guangyi (Cina), Wang Youshen (China), Wang Qingsong (Cina), Rose Wylie (Gran Bretagna), Peter Welz (Germany), Xun Sun (Cina), Yue Minjun (Cina).<\/p>\n<p>&nbsp;<\/p>\n<p>ngg_shortcode_0_placeholder<\/p>","protected":false},"excerpt":{"rendered":"<p>\u00c8 stata inaugurata il 5 maggio 2018 la sedicesima edizione della mostra estiva del Vestfossen KunstLaboratorium. Curata da Demetrio Paparoni, realizzata dalle Istituzioni norvegesi in collaborazione con MADEINART, l\u2019esposizione internazionale, intitolata &#8220;Contemporay Chaos&#8221;, presenta oltre sessanta artisti. Focalizzando l\u2019attenzione su artisti che provengono da tutto il mondo, comprese aree geografiche che un tempo sarebbero state [&hellip;]<\/p>\n","protected":false},"author":6,"featured_media":0,"parent":3254,"menu_order":1,"comment_status":"open","ping_status":"open","template":"Past-Exhibitions.php","meta":{"_acf_changed":false,"ngg_post_thumbnail":0,"footnotes":""},"categories":[],"tags":[],"class_list":["post-3264","page","type-page","status-publish","hentry"],"acf":[],"_links":{"self":[{"href":"https:\/\/madeinart.it\/it\/wp-json\/wp\/v2\/pages\/3264","targetHints":{"allow":["GET"]}}],"collection":[{"href":"https:\/\/madeinart.it\/it\/wp-json\/wp\/v2\/pages"}],"about":[{"href":"https:\/\/madeinart.it\/it\/wp-json\/wp\/v2\/types\/page"}],"author":[{"embeddable":true,"href":"https:\/\/madeinart.it\/it\/wp-json\/wp\/v2\/users\/6"}],"replies":[{"embeddable":true,"href":"https:\/\/madeinart.it\/it\/wp-json\/wp\/v2\/comments?post=3264"}],"version-history":[{"count":4,"href":"https:\/\/madeinart.it\/it\/wp-json\/wp\/v2\/pages\/3264\/revisions"}],"predecessor-version":[{"id":3268,"href":"https:\/\/madeinart.it\/it\/wp-json\/wp\/v2\/pages\/3264\/revisions\/3268"}],"up":[{"embeddable":true,"href":"https:\/\/madeinart.it\/it\/wp-json\/wp\/v2\/pages\/3254"}],"wp:attachment":[{"href":"https:\/\/madeinart.it\/it\/wp-json\/wp\/v2\/media?parent=3264"}],"wp:term":[{"taxonomy":"category","embeddable":true,"href":"https:\/\/madeinart.it\/it\/wp-json\/wp\/v2\/categories?post=3264"},{"taxonomy":"post_tag","embeddable":true,"href":"https:\/\/madeinart.it\/it\/wp-json\/wp\/v2\/tags?post=3264"}],"curies":[{"name":"wp","href":"https:\/\/api.w.org\/{rel}","templated":true}]}}