{"id":3225,"date":"2018-06-15T10:24:19","date_gmt":"2018-06-15T08:24:19","guid":{"rendered":"http:\/\/madeinart.it\/?page_id=3225"},"modified":"2018-06-15T10:24:19","modified_gmt":"2018-06-15T08:24:19","slug":"the-exhibition","status":"publish","type":"page","link":"https:\/\/madeinart.it\/it\/keith-haring-about-art\/the-exhibition","title":{"rendered":"La Mostra"},"content":{"rendered":"<p><img loading=\"lazy\" decoding=\"async\" class=\"alignnone wp-image-2815 size-full\" src=\"http:\/\/madeinart.it\/wp-content\/uploads\/2017\/02\/keith-haring_01.jpg\" width=\"900\" height=\"572\" srcset=\"https:\/\/madeinart.it\/wp-content\/uploads\/2017\/02\/keith-haring_01.jpg 900w, https:\/\/madeinart.it\/wp-content\/uploads\/2017\/02\/keith-haring_01-300x191.jpg 300w, https:\/\/madeinart.it\/wp-content\/uploads\/2017\/02\/keith-haring_01-768x488.jpg 768w\" sizes=\"auto, (max-width: 900px) 100vw, 900px\" \/><br \/>\n<strong>Keith Haring. About Art, 21\/02\/2017 &#8211; 18\/06\/2017, <\/strong><strong>Palazzo Reale, Milano<\/strong><\/p>\n<p>A Palazzo Reale, Uun&#8217;impoertante mostra ha presentato 110 opere del geniale artista americano, molte di grandi dimensioni, alcune inedite o mai esposte in Italia, provenienti da collezioni pubbliche e private americane, europee e asiatiche.<\/p>\nngg_shortcode_0_placeholder\n<p>&nbsp;<\/p>\n<p>La rassegna, per la prima volta, ha reso il senso profondo e la complessit\u00e0 della sua ricerca, mettendo in luce il suo rapporto con la storia dell\u2019arte. All\u2019interno del percorso espositivo, i lavori di Haring sono stati posti in dialogo con le sue fonti di ispirazione, dall\u2019archeologia classica, alle arti precolombiane, alle figure archetipe delle religioni, alle maschere del Pacifico e alle creazioni dei nativi americani, fino a arrivare ai maestri del Novecento, quali Pollock, Dubuffet, Klee.<\/p>\n<p><strong>L\u2019esposizione <em>Keith Haring. About Art<\/em>,<\/strong> curata da Gianni Mercurio, promossa e prodotta dal Comune di Milano-Cultura, Palazzo Reale, Giunti Arte mostre musei e 24 ORE Cultura &#8211; Gruppo 24 ORE, con la collaborazione scientifica di Madeinart, con il prezioso contributo della <em>Keith Haring Foundation<\/em>, <strong>presentava 110 opere,<\/strong><strong> molte di dimensioni monumentali, alcune delle quali inedite o mai esposte in Italia.<\/strong><\/p>\n<p>La rassegna ruotava attorno a un nuovo assunto critico: la lettura retrospettiva dell\u2019opera di Haring non \u00e8 corretta se non \u00e8 vista anche alla luce della storia delle arti che egli ha compreso e collocato al centro del suo lavoro, assimilandola fino a integrarla esplicitamente nei suoi dipinti e costruendo in questo modo la parte pi\u00f9 significativa della sua ricerca estetica.<\/p>\n<p>\u201cL\u2019inconfondibile linguaggio di Keith Haring \u00e8 il protagonista di una mostra dalla straordinaria potenza iconica e visionaria \u2013 ha dichiarato l\u2019assessore alla Cultura Filippo Del Corno \u2013. L\u2019esposizione sviluppa un percorso critico nuovo che per la prima volta accosta la prima volta le rappresentazioni pittoriche, i graffiti e i video delle performance di Haring a opere che hanno rappresentato gli stimoli creativi del suo personale immaginario, provenienti dalla tradizione classica, tribale e pre-colombiana, passando dal Rinascimento per arrivare fino all\u2019arte del \u2018900\u201d.<\/p>\n<div id=\"attachment_2818\" class=\"wp-caption alignright\"><img loading=\"lazy\" decoding=\"async\" class=\"fluid wp-image-2818 size-medium\" src=\"http:\/\/madeinart.it\/wp-content\/uploads\/2017\/02\/keith-haring_04-200x300.jpg\" width=\"200\" height=\"300\" srcset=\"https:\/\/madeinart.it\/wp-content\/uploads\/2017\/02\/keith-haring_04-200x300.jpg 200w, https:\/\/madeinart.it\/wp-content\/uploads\/2017\/02\/keith-haring_04.jpg 450w\" sizes=\"auto, (max-width: 200px) 100vw, 200px\" \/><p class=\"wp-caption-text\">\u00a9Keith Haring Foundation<\/p><\/div>\n<p>Le opere dell\u2019artista americano sono state affiancate a quelle di autori di epoche diverse, a cui Haring si \u00e8 ispirato e che ha reinterpretato con il suo stile unico e inconfondibile, in una sintesi narrativa di archetipi della tradizione classica, di arte tribale ed etnografica, di immaginario gotico o di <em>cartoonism<\/em>, di linguaggi del suo secolo e di escursioni nel futuro con l\u2019impiego del computer in alcune sue ultime sperimentazioni. Tra queste, quelle realizzate da Jackson Pollock, Jean Dubuffet, Paul Klee per il Novecento, ma anche i calchi della Colonna Traiana, le maschere delle culture del Pacifico, i dipinti del Rinascimento italiano e altre.<\/p>\n<p>Keith Haring \u00e8 stato uno dei pi\u00f9 importanti autori della seconda met\u00e0 del Novecento; la sua arte \u00e8 percepita come espressione di una controcultura socialmente e politicamente impegnata su temi propri del suo e del nostro tempo: droga, razzismo, Aids, minaccia nucleare, alienazione giovanile, discriminazione delle minoranze, arroganza del potere. Haring ha partecipato di un sentire collettivo diventando l\u2019icona di artista-attivista globale.<\/p>\n<p>Tuttavia, il suo progetto, reso evidente in questa mostra, fu di ricomporre i linguaggi dell\u2019arte in un unico personale, immaginario simbolico, che fosse al tempo stesso universale, per riscoprire l\u2019arte come testimonianza di una verit\u00e0 interiore che pone al suo centro l\u2019uomo e la sua condizione sociale e individuale. \u00c8 in questo disegno che risiede la vera grandezza di Haring; da qui parte e si sviluppa il suo celebrato impegno di artista-attivista e si afferma la sua forte singolarit\u00e0 rispetto ai suoi contemporanei.<\/p>\n<p>La mostra \u00e8 stata ordinata in un allestimento emozionante e al contempo denso di rimandi al contesto in cui la breve ed esplosiva vita di Haring gli consent\u00ec di esprimersi come una delle personalit\u00e0 pi\u00f9 riconosciute dell\u2019arte americana del dopoguerra.<\/p>\n<p>Il catalogo, pubblicato da GAmm Giunti\/24 ORE Cultura, comprende oltre a una vasta biografia illustrata e a tutte le opere esposte, i saggi del curatore, Gianni Mercurio, Demetrio Paparoni, Marina Mattei e Giuseppe Di Giacomo.<\/p>\n<p>&nbsp;<\/p>\n<p>&nbsp;<\/p>\n<p>&nbsp;<\/p>","protected":false},"excerpt":{"rendered":"<p>Keith Haring. About Art, 21\/02\/2017 &#8211; 18\/06\/2017, Palazzo Reale, Milano A Palazzo Reale, Uun&#8217;impoertante mostra ha presentato 110 opere del geniale artista americano, molte di grandi dimensioni, alcune inedite o mai esposte in Italia, provenienti da collezioni pubbliche e private americane, europee e asiatiche. &nbsp; La rassegna, per la prima volta, ha reso il senso [&hellip;]<\/p>\n","protected":false},"author":6,"featured_media":0,"parent":3221,"menu_order":1,"comment_status":"open","ping_status":"open","template":"Past-Exhibitions.php","meta":{"_acf_changed":false,"ngg_post_thumbnail":0,"footnotes":""},"categories":[],"tags":[],"class_list":["post-3225","page","type-page","status-publish","hentry"],"acf":[],"_links":{"self":[{"href":"https:\/\/madeinart.it\/it\/wp-json\/wp\/v2\/pages\/3225","targetHints":{"allow":["GET"]}}],"collection":[{"href":"https:\/\/madeinart.it\/it\/wp-json\/wp\/v2\/pages"}],"about":[{"href":"https:\/\/madeinart.it\/it\/wp-json\/wp\/v2\/types\/page"}],"author":[{"embeddable":true,"href":"https:\/\/madeinart.it\/it\/wp-json\/wp\/v2\/users\/6"}],"replies":[{"embeddable":true,"href":"https:\/\/madeinart.it\/it\/wp-json\/wp\/v2\/comments?post=3225"}],"version-history":[{"count":3,"href":"https:\/\/madeinart.it\/it\/wp-json\/wp\/v2\/pages\/3225\/revisions"}],"predecessor-version":[{"id":3228,"href":"https:\/\/madeinart.it\/it\/wp-json\/wp\/v2\/pages\/3225\/revisions\/3228"}],"up":[{"embeddable":true,"href":"https:\/\/madeinart.it\/it\/wp-json\/wp\/v2\/pages\/3221"}],"wp:attachment":[{"href":"https:\/\/madeinart.it\/it\/wp-json\/wp\/v2\/media?parent=3225"}],"wp:term":[{"taxonomy":"category","embeddable":true,"href":"https:\/\/madeinart.it\/it\/wp-json\/wp\/v2\/categories?post=3225"},{"taxonomy":"post_tag","embeddable":true,"href":"https:\/\/madeinart.it\/it\/wp-json\/wp\/v2\/tags?post=3225"}],"curies":[{"name":"wp","href":"https:\/\/api.w.org\/{rel}","templated":true}]}}