{"id":3106,"date":"2018-06-01T09:11:25","date_gmt":"2018-06-01T07:11:25","guid":{"rendered":"http:\/\/madeinart.it\/?page_id=3106"},"modified":"2018-06-15T10:00:30","modified_gmt":"2018-06-15T08:00:30","slug":"the-exhibition","status":"publish","type":"page","link":"https:\/\/madeinart.it\/it\/roy-lichtenstein-lasting-influence\/the-exhibition","title":{"rendered":"La Mostra"},"content":{"rendered":"<p><\/p>\n<h4><img loading=\"lazy\" decoding=\"async\" class=\"size-full wp-image-2950 alignnone\" src=\"http:\/\/madeinart.it\/wp-content\/uploads\/2017\/11\/images4.persgroep.jpg\" alt=\"\" width=\"1376\" height=\"899\" srcset=\"https:\/\/madeinart.it\/wp-content\/uploads\/2017\/11\/images4.persgroep.jpg 1376w, https:\/\/madeinart.it\/wp-content\/uploads\/2017\/11\/images4.persgroep-300x196.jpg 300w, https:\/\/madeinart.it\/wp-content\/uploads\/2017\/11\/images4.persgroep-768x502.jpg 768w, https:\/\/madeinart.it\/wp-content\/uploads\/2017\/11\/images4.persgroep-1024x669.jpg 1024w\" sizes=\"auto, (max-width: 1376px) 100vw, 1376px\" \/><\/h4>\n<p><strong>Roy Lichtenstein, <em>Lasting influences<\/em>, MOCO Museum, Amsterdam, 3\/11\/2017 &#8211; 31\/05\/2018<\/strong><\/p>\n<p>Nel novembre del 2017 il Moco Museum ha ospitato la mostra di uno dei pi\u00f9 grandi interpreti dell\u2019arte contemporanea e maestro della Pop Art.<\/p>\n<p><iframe loading=\"lazy\" title=\"Moco museum - Roy Lichtenstein: lasting influence\" width=\"500\" height=\"281\" src=\"https:\/\/www.youtube.com\/embed\/JjD4OdNZd6o?feature=oembed\" frameborder=\"0\" allow=\"accelerometer; autoplay; clipboard-write; encrypted-media; gyroscope; picture-in-picture; web-share\" referrerpolicy=\"strict-origin-when-cross-origin\" allowfullscreen><\/iframe><\/p>\n<p>ROY LICHTENSTEIN, LASTING INFLUENCE \u00e8 stato un progetto MADEINART a cura di Mirta d\u2019Argenzio e Gianni Mercurio, realizzato in collaborazione con il MOCO Museum di Amsterdam e presentava circa cinquanta stampe dell\u2019artista divise in sezioni tematiche, provenienti da importanti collezioni private europee e americane.<\/p>\n<p>La mostra includeva anche un\u2019installazione 3D basata sul dipinto di Lichtenstein \u201cBedroom at Arles\u201d, realizzato nel 1992 ispirandosi a una cartolina raffigurante la famosa opera di Van Gogh \u201c The Artist\u2019s Room at Arles\u201d (1888-1889). Un\u2019installazione 3D del dipinto di Van Gogh \u00e8 stata presentata al Van Gogh Museum nel 2000.<\/p>\n<p>Roy Lichtenstein dice a proposito della sua versione della stanza di Arles:<\/p>\n<blockquote><p>\u201cho pulito un po\u2019 la stanza e lui, una volta tornato a casa dall\u2019ospedale, ne sarebbe stato felice, vedendo che ho stirato le sue camice e comprato mobili nuovi. Il mio dipinto \u00e8 piuttosto grande mentre il suo \u00e8 piuttosto piccolo. Il suo \u00e8 molto pi\u00f9 bello, ma il mio \u00e8 pi\u00f9 grande\u201d.<\/p><\/blockquote>\n<p>L\u2019influenza dell\u2019arte di Roy Lichtenstein \u00e8 ancora evidente in molte forme di espressione artistica: dalla pittura alla pubblicit\u00e0, dalla fotografia al design e alla moda. Le opere di Lichtenstein sono immediatamente riconoscibili: \u00e8 diventato parte della nostra inconscia eredit\u00e0 culturale. L\u2019arte di Lichtenstein sembra apparentemente \u201cfacile\u201d da capire. Ma oltre la superficie si cela un\u2019arte intellettuale e razionale, premeditata e realizzata attraverso un complesso processo di decostruzione e ricostruzione dell\u2019immagine: linee spesse associate a colori piatti, migliaia di punti regolari, campiture amplificate di mezzetinte che suggeriscono l\u2019idea del chiaroscuro e l\u2019impressione dei riflessi della luce. Sin dall\u2019inizio l\u2019arte sofisticata di Roy Lichtenstein ha avuto un interrotto potere di seduzione sulla cultura visiva e la comunicazione, seduzione che ancora persiste.<\/p>","protected":false},"excerpt":{"rendered":"<p>Roy Lichtenstein, Lasting influences, MOCO Museum, Amsterdam, 3\/11\/2017 &#8211; 31\/05\/2018 Nel novembre del 2017 il Moco Museum ha ospitato la mostra di uno dei pi\u00f9 grandi interpreti dell\u2019arte contemporanea e maestro della Pop Art. ROY LICHTENSTEIN, LASTING INFLUENCE \u00e8 stato un progetto MADEINART a cura di Mirta d\u2019Argenzio e Gianni Mercurio, realizzato in collaborazione con [&hellip;]<\/p>\n","protected":false},"author":6,"featured_media":0,"parent":3102,"menu_order":1,"comment_status":"open","ping_status":"open","template":"Past-Exhibitions.php","meta":{"_acf_changed":false,"ngg_post_thumbnail":0,"footnotes":""},"categories":[],"tags":[],"class_list":["post-3106","page","type-page","status-publish","hentry"],"acf":[],"_links":{"self":[{"href":"https:\/\/madeinart.it\/it\/wp-json\/wp\/v2\/pages\/3106","targetHints":{"allow":["GET"]}}],"collection":[{"href":"https:\/\/madeinart.it\/it\/wp-json\/wp\/v2\/pages"}],"about":[{"href":"https:\/\/madeinart.it\/it\/wp-json\/wp\/v2\/types\/page"}],"author":[{"embeddable":true,"href":"https:\/\/madeinart.it\/it\/wp-json\/wp\/v2\/users\/6"}],"replies":[{"embeddable":true,"href":"https:\/\/madeinart.it\/it\/wp-json\/wp\/v2\/comments?post=3106"}],"version-history":[{"count":10,"href":"https:\/\/madeinart.it\/it\/wp-json\/wp\/v2\/pages\/3106\/revisions"}],"predecessor-version":[{"id":3220,"href":"https:\/\/madeinart.it\/it\/wp-json\/wp\/v2\/pages\/3106\/revisions\/3220"}],"up":[{"embeddable":true,"href":"https:\/\/madeinart.it\/it\/wp-json\/wp\/v2\/pages\/3102"}],"wp:attachment":[{"href":"https:\/\/madeinart.it\/it\/wp-json\/wp\/v2\/media?parent=3106"}],"wp:term":[{"taxonomy":"category","embeddable":true,"href":"https:\/\/madeinart.it\/it\/wp-json\/wp\/v2\/categories?post=3106"},{"taxonomy":"post_tag","embeddable":true,"href":"https:\/\/madeinart.it\/it\/wp-json\/wp\/v2\/tags?post=3106"}],"curies":[{"name":"wp","href":"https:\/\/api.w.org\/{rel}","templated":true}]}}