{"id":3032,"date":"2018-05-17T15:23:18","date_gmt":"2018-05-17T13:23:18","guid":{"rendered":"http:\/\/madeinart.it\/?page_id=3032"},"modified":"2018-06-11T12:39:17","modified_gmt":"2018-06-11T10:39:17","slug":"the-exhibition","status":"publish","type":"page","link":"https:\/\/madeinart.it\/it\/antonio-marras-seipersei\/the-exhibition","title":{"rendered":"La Mostra"},"content":{"rendered":"<p><\/p>\n<h4><img loading=\"lazy\" decoding=\"async\" class=\"wp-image-2909 size-full aligncenter\" src=\"http:\/\/madeinart.it\/wp-content\/uploads\/2017\/11\/Marras_01.png\" alt=\"\" width=\"400\" height=\"250\" srcset=\"https:\/\/madeinart.it\/wp-content\/uploads\/2017\/11\/Marras_01.png 400w, https:\/\/madeinart.it\/wp-content\/uploads\/2017\/11\/Marras_01-300x188.png 300w\" sizes=\"auto, (max-width: 400px) 100vw, 400px\" \/><\/h4>\n<p>&nbsp;<\/p>\n<p><strong>Antonio Marras, <em>seipersei<\/em>, Galleria Massimo Minini, Brescia, 25\/11\/2017 &#8211; 21\/01\/2018<\/strong><\/p>\n<p>Sabato 25 novembre 2017 c&#8217;\u00e8 stato un doppio appuntamento con l\u2019arte di Antonio Marras: alla Galleria Massimo Minini, a Brescia, ha inaugurato la mostra <em>antonio marras. seipersei, <\/em>mentre alle Ex Cantine Folonari, si \u00e8 tenuta la performance <em>Mio cuore io sto soffrendo, cosa posso fare per te?<\/em><\/p>\nngg_shortcode_0_placeholder\n<p>&nbsp;<\/p>\n<p>Racconta Massimo Minini:<\/p>\n<blockquote><p><em>Non avrei mai pensato di fare una mostra di Antonio Marras. E d\u2019altronde perch\u00e9 avrei dovuto pensare a lui come uno possibile? Noto, anzi notissimo, come creatore di moda, una moda molto particolare, legata anche all\u2019arte, anzi sicuramente, per l\u2019influenza del lavoro di Maria Lai di cui Marras \u00e8 grande ammiratore e promotore, forse allievo, forse collega. Un mondo particolare, quello dove Marras nasce e si muove. Il mondo di un\u2019isola che ha una forte identit\u00e0, una cultura, una lingua, una storia, addirittura una preistoria.<\/em><\/p><\/blockquote>\n<p>Van Gogh nel 1883 scrive in una lettera ad Anton Rappard: <em>Oggi sono stato sul posto in cui i netturbini portano l\u2019immondizia. [&#8230;]. Domani, da questa discarica, mi porteranno alcuni oggetti interessanti perch\u00e9 io li usi come modelli se cos\u00ec si pu\u00f2 dire. Starebbero bene in una favola di Andersen queste collezioni di secchi, ceste, paioli, pentole militari, oliere, fili, scaldavivande [&#8230;]. Se vieni, ti ci porto, e anche in un altro paio di posti \u2013 veri paradisi per gli artisti per quanto trascurati essi possano essere<\/em>.<\/p>\n<p>Antonio Marras ancora una volta propone sguardi e frammenti per quelle che saranno, poi, le sue opere. Un modo di tracciare mappe e segnare territori, un modo di organizzare voci e silenzi.&nbsp; Un modo di occupare il suo tempo e le sue energie. Marras sperimenta ed \u00e8 capace di \u2018sentire\u2019 le realt\u00e0 differenti intorno a lui, le commistioni con l\u2019arte, con la musica, con la danza, con il teatro, con il cinema: un alfabeto con cui poter&nbsp; comunicare. Marras sembra voler attraversare tutte le declinazioni della cultura visiva, dalle decorazioni ai dettagli provenienti da epoche e mondi apparentemente inconciliabili. Un artista che non si pu\u00f2 assegnare a una singola categoria, un vulcano di creativit\u00e0 senza confini.<\/p>\n<p>La mostra \u00e8 una selezione di opere di Marras scelte personalmente da Massimo Minini, molti gli inediti, tra cui alcuni creati appositamente per questa esposizione.<\/p>\n<p>In occasione della mostra \u00e8 stato realizzato da Antonio Marras un libro d\u2019artista, frutto proprio di&nbsp;questa particolare relazione nata con Massimo Minini: il libro \u00e8 nato, infatti, da una serie di foto delle mani e del gesticolare di Marras scattate dallo stesso Minini.<\/p>\n<p>La performance &#8220;Mio cuore, tu stai soffrendo. Cosa posso fare per te?&#8221; \u00e8 un&#8217;opera, creata e diretta da Marras e che coinvolge 20 attori, che narrano storie, situazioni e momenti. Sono frammenti di vita dell&#8217; artista interconessa con quella degli altri. In questa performace \u00e8 presentato il mondo di Marras: arte, danza, poesia e moda.<\/p>\n<p>&nbsp;<\/p>\n<p>&nbsp;<\/p>\n<p>&nbsp;<\/p>","protected":false},"excerpt":{"rendered":"<p>&nbsp; Antonio Marras, seipersei, Galleria Massimo Minini, Brescia, 25\/11\/2017 &#8211; 21\/01\/2018 Sabato 25 novembre 2017 c&#8217;\u00e8 stato un doppio appuntamento con l\u2019arte di Antonio Marras: alla Galleria Massimo Minini, a Brescia, ha inaugurato la mostra antonio marras. seipersei, mentre alle Ex Cantine Folonari, si \u00e8 tenuta la performance Mio cuore io sto soffrendo, cosa posso [&hellip;]<\/p>\n","protected":false},"author":6,"featured_media":0,"parent":3022,"menu_order":1,"comment_status":"open","ping_status":"open","template":"Past-Exhibitions.php","meta":{"_acf_changed":false,"ngg_post_thumbnail":0,"footnotes":""},"categories":[],"tags":[],"class_list":["post-3032","page","type-page","status-publish","hentry"],"acf":[],"_links":{"self":[{"href":"https:\/\/madeinart.it\/it\/wp-json\/wp\/v2\/pages\/3032","targetHints":{"allow":["GET"]}}],"collection":[{"href":"https:\/\/madeinart.it\/it\/wp-json\/wp\/v2\/pages"}],"about":[{"href":"https:\/\/madeinart.it\/it\/wp-json\/wp\/v2\/types\/page"}],"author":[{"embeddable":true,"href":"https:\/\/madeinart.it\/it\/wp-json\/wp\/v2\/users\/6"}],"replies":[{"embeddable":true,"href":"https:\/\/madeinart.it\/it\/wp-json\/wp\/v2\/comments?post=3032"}],"version-history":[{"count":11,"href":"https:\/\/madeinart.it\/it\/wp-json\/wp\/v2\/pages\/3032\/revisions"}],"predecessor-version":[{"id":3199,"href":"https:\/\/madeinart.it\/it\/wp-json\/wp\/v2\/pages\/3032\/revisions\/3199"}],"up":[{"embeddable":true,"href":"https:\/\/madeinart.it\/it\/wp-json\/wp\/v2\/pages\/3022"}],"wp:attachment":[{"href":"https:\/\/madeinart.it\/it\/wp-json\/wp\/v2\/media?parent=3032"}],"wp:term":[{"taxonomy":"category","embeddable":true,"href":"https:\/\/madeinart.it\/it\/wp-json\/wp\/v2\/categories?post=3032"},{"taxonomy":"post_tag","embeddable":true,"href":"https:\/\/madeinart.it\/it\/wp-json\/wp\/v2\/tags?post=3032"}],"curies":[{"name":"wp","href":"https:\/\/api.w.org\/{rel}","templated":true}]}}