{"id":2469,"date":"2016-02-16T16:54:04","date_gmt":"2016-02-16T15:54:04","guid":{"rendered":"http:\/\/madeinart.it\/?page_id=2469"},"modified":"2016-02-16T16:57:08","modified_gmt":"2016-02-16T15:57:08","slug":"the-artist","status":"publish","type":"page","link":"https:\/\/madeinart.it\/it\/david-lachapelle\/the-artist","title":{"rendered":"L&#8217;Artista"},"content":{"rendered":"<p><img loading=\"lazy\" decoding=\"async\" class=\"alignnone size-full wp-image-2472\" src=\"http:\/\/madeinart.it\/wp-content\/uploads\/2016\/02\/196ALaChapelle_Mingasson_2.jpg\" alt=\"196ALaChapelle_Mingasson_2\" width=\"1280\" height=\"853\" srcset=\"https:\/\/madeinart.it\/wp-content\/uploads\/2016\/02\/196ALaChapelle_Mingasson_2.jpg 1280w, https:\/\/madeinart.it\/wp-content\/uploads\/2016\/02\/196ALaChapelle_Mingasson_2-300x200.jpg 300w, https:\/\/madeinart.it\/wp-content\/uploads\/2016\/02\/196ALaChapelle_Mingasson_2-768x512.jpg 768w, https:\/\/madeinart.it\/wp-content\/uploads\/2016\/02\/196ALaChapelle_Mingasson_2-1024x682.jpg 1024w\" sizes=\"auto, (max-width: 1280px) 100vw, 1280px\" \/>David LaChapelle \u00e8 oggi uno dei fotografi pi\u00f9 riconosciuti e apprezzati al mondo. Nato a Fairfield nel 1963, ha sposato uno stile post-Pop e per certi versi surrealista che lo rende unico al mondo, oltre al suo eccezionale talento nel combinare un\u2019originale estetica iperrealistica con profondi messaggi sociali.<\/p>\n<p>La sua carriera fotografica \u00e8 iniziata negli anni Ottanta quando LaChapelle cominci\u00f2 a esporre le sue opere d\u2019arte nelle gallerie di New York. Dopo aver frequentato la North Carolina School of Arts, si trasfer\u00ec a New York dove si iscrisse alla Art Students League e alla School of Visual Arts. Grazie a mostre in gallerie come 303 Gallery, Trabia McAffee e altre, il suo lavoro attir\u00f2 l\u2019attenzione di Andy Warhol, che gli offr\u00ec il suo primo incarico fotografico professionale.<\/p>\n<p>Le sue fotografie di personaggi famosi su \u201cInterview\u201d furono accolte positivamente e ben presto LaChapelle si ritrov\u00f2 a fotografare per svariate testate di prestigio e a creare alcune delle campagne pubblicitarie pi\u00f9 memorabili della sua generazione.<\/p>\n<p>Dopo essersi affermato nel campo della fotografia contemporanea, LaChapelle ha ampliato il suo lavoro a comprendere la regia di video musicali, eventi teatrali dal vivo e documentari. Ha all\u2019attivo la regia di video musicali per artisti come Christina Aguilera, Moby, Jennifer Lopez, Amy Winehouse, Britney Spears e No Doubt. Il suo lavoro per il palcoscenico comprende\u00a0<strong>The Red Piano<\/strong> di Elton John, lo spettacolare show del Caesars Palace che ha ideato e diretto nel 2004. Il crescente interesse per il cinema lo ha portato a realizzare il cortometraggio documentaristico Krumped, premiato al Sundance, da cui ha sviluppato il film <strong>RIZE,<\/strong> acquistato per la distribuzione in tutto il mondo da Lion\u2019s Gate Films. La pellicola \u00e8 uscita nelle sale degli USA e di 17 paesi diversi nell\u2019estate del 2005 con enorme entusiasmo della critica, ed \u00e8 stata scelta per aprire il Tribeca Film Festival 2005 a New York. Negli ultimi anni LaChapelle \u00e8 tornato alle origini, esponendo le sue opere in alcune delle gallerie e dei musei pi\u00f9 prestigiosi al mondo.<\/p>\n<p>Le opere di David LaChapelle sono presenti in numerose importanti collezioni pubbliche e private internazionali, ed esposte in vari musei, tra i quali il <strong>Mus\u00e9e D\u2019Orsay<\/strong> di <strong>Parigi<\/strong>, il <strong>Brooklyn Museum<\/strong> di <strong>New York<\/strong>, il <strong>Museum of Contemporary Art <\/strong>di <strong>Taipei<\/strong>, il <strong>Tel Aviv Museum of Art<\/strong> a <strong>Tel Aviv<\/strong>, il <strong>Los Angeles County Museum of Art (LACMA)<\/strong> a <strong>Los Angeles<\/strong>, <strong>The National Portrait Gallery<\/strong> di <strong>Londra<\/strong>, il <strong>Fotografiska Museet<\/strong> di <strong>Stoccolma<\/strong> e <strong>The National Portrait Gallery<\/strong> a <strong>Washington DC.<\/strong><\/p>\n<p>David LaChapelle vive e lavora tra Los Angeles e l\u2019isola hawaiana di Maui.<\/p>\n<p>&nbsp;<\/p>","protected":false},"excerpt":{"rendered":"<p>David LaChapelle \u00e8 oggi uno dei fotografi pi\u00f9 riconosciuti e apprezzati al mondo. Nato a Fairfield nel 1963, ha sposato uno stile post-Pop e per certi versi surrealista che lo rende unico al mondo, oltre al suo eccezionale talento nel combinare un\u2019originale estetica iperrealistica con profondi messaggi sociali. La sua carriera fotografica \u00e8 iniziata negli [&hellip;]<\/p>\n","protected":false},"author":1,"featured_media":0,"parent":2465,"menu_order":0,"comment_status":"open","ping_status":"closed","template":"Past-Exhibitions.php","meta":{"_acf_changed":false,"ngg_post_thumbnail":0,"footnotes":""},"categories":[],"tags":[],"class_list":["post-2469","page","type-page","status-publish","hentry"],"acf":[],"_links":{"self":[{"href":"https:\/\/madeinart.it\/it\/wp-json\/wp\/v2\/pages\/2469","targetHints":{"allow":["GET"]}}],"collection":[{"href":"https:\/\/madeinart.it\/it\/wp-json\/wp\/v2\/pages"}],"about":[{"href":"https:\/\/madeinart.it\/it\/wp-json\/wp\/v2\/types\/page"}],"author":[{"embeddable":true,"href":"https:\/\/madeinart.it\/it\/wp-json\/wp\/v2\/users\/1"}],"replies":[{"embeddable":true,"href":"https:\/\/madeinart.it\/it\/wp-json\/wp\/v2\/comments?post=2469"}],"version-history":[{"count":5,"href":"https:\/\/madeinart.it\/it\/wp-json\/wp\/v2\/pages\/2469\/revisions"}],"predecessor-version":[{"id":2475,"href":"https:\/\/madeinart.it\/it\/wp-json\/wp\/v2\/pages\/2469\/revisions\/2475"}],"up":[{"embeddable":true,"href":"https:\/\/madeinart.it\/it\/wp-json\/wp\/v2\/pages\/2465"}],"wp:attachment":[{"href":"https:\/\/madeinart.it\/it\/wp-json\/wp\/v2\/media?parent=2469"}],"wp:term":[{"taxonomy":"category","embeddable":true,"href":"https:\/\/madeinart.it\/it\/wp-json\/wp\/v2\/categories?post=2469"},{"taxonomy":"post_tag","embeddable":true,"href":"https:\/\/madeinart.it\/it\/wp-json\/wp\/v2\/tags?post=2469"}],"curies":[{"name":"wp","href":"https:\/\/api.w.org\/{rel}","templated":true}]}}