{"id":2,"date":"2011-05-05T15:11:43","date_gmt":"2011-05-05T15:11:43","guid":{"rendered":"http:\/\/madeinart.it\/?page_id=2"},"modified":"2023-07-31T12:33:32","modified_gmt":"2023-07-31T10:33:32","slug":"about","status":"publish","type":"page","link":"https:\/\/madeinart.it\/it\/about","title":{"rendered":"About"},"content":{"rendered":"<p><\/p>\n<h2>About Us<\/h2>\n<p>MADEINART \u00e8 una societ\u00e0 con sede a Roma e Milano.<\/p>\n<p>La nostra attivit\u00e0 principale \u00e8 la produzione e la diffusione di arte e cultura attraverso diversi canali: mostre d\u2019arte, documentari, programmi formativi, progetti speciali ed eventi di beneficenza.<\/p>\n<p>Le nostre produzioni&nbsp;sono il culmine di un intenso processo che seguiamo in ogni aspetto, dall&#8217;ideazione fino alla sua realizzazione finale.<\/p>\n<p>MADEINART nasce dall\u2019unione di professionisti di talento con esperienze significative in diversi campi: management, storia dell\u2019arte, curatela, regia, architettura e scouting di artisti a livello internazionale.&nbsp;<\/p>\n<p>Dalla sua fondazione, la societ\u00e0 si \u00e8 sempre avvalsa di collaborazioni eccellenti che le hanno permesso di mantenere una struttura flessibile.&nbsp;<\/p>\n<p>Grazie ad un ricco e crescente network di relazioni con prestigiose istituzioni internazionali, fondazioni, musei, collezioni pubbliche e private e gallerie d\u2019arte, MADEINART riesce a realizzare qualsiasi tipo di progetto culturale.<\/p>\n<p>MADEINART ha creato un solido e duraturo legame tra arte e moda, promuovendo la collaborazione tra riconosciuti&nbsp;artisti e fashion brand attraverso la&nbsp;creazione di oggetti d&#8217;arte in edizione limitata.<\/p>\n<p>&nbsp;<\/p>\nngg_shortcode_0_placeholder\n<hr>\n<h4>&nbsp;<\/h4>\n<h4>Art Advisory<\/h4>\n<p>Grazie all\u2019esperienza dei suoi professionisti, MADEINART ha un dipartimento di <em>art advisory<\/em>, focalizzato sull&#8217;arte italiana del dopoguerra e americana moderna e contemporanea.&nbsp;<\/p>\n<p>MADEINART ne segue tutte le fasi: dalla selezione delle opere d\u2019arte, attraverso la&nbsp;<em>due diligence<\/em>, all\u2019assistenza e alla consulenza legale, fino ad arrivare alla negoziazione e all\u2019accordo conclusivo.<\/p>\n<p>La forza di MADEINART risiede nella sua conoscenza dettagliata del mercato&nbsp;dell\u2019arte, nella solidit\u00e0 delle sue relazioni con istituzioni, fiere, collezionisti, gallerie d\u2019arte e case d\u2019asta di fama internazionale.<\/p>\n<p>&nbsp;<\/p>\n<p>&nbsp;<\/p>\n<p><strong>Consuelo Nocita<br \/>\n<\/strong><em>co-fondatrice, CEO e project manager<\/em><\/p>\n<p><img loading=\"lazy\" decoding=\"async\" class=\"wp-image-3647 alignright\" src=\"https:\/\/madeinart.it\/wp-content\/uploads\/2022\/10\/WhatsApp-Image-2022-10-18-at-19.49.35.jpeg\" alt=\"\" width=\"217\" height=\"258\" srcset=\"https:\/\/madeinart.it\/wp-content\/uploads\/2022\/10\/WhatsApp-Image-2022-10-18-at-19.49.35.jpeg 754w, https:\/\/madeinart.it\/wp-content\/uploads\/2022\/10\/WhatsApp-Image-2022-10-18-at-19.49.35-252x300.jpeg 252w\" sizes=\"auto, (max-width: 217px) 100vw, 217px\" \/><\/p>\n<p>CN \u00e8 un avvocato specializzato in propriet\u00e0 intellettuale e art management, lavora in Italia e all\u2019estero. \u00c8 stata partner e&nbsp; presidente di Alphaomega Art sino al 2010, anno in cui \u00e8 tra i fondatori di Madeinart, di cui \u00e8 CEO.<\/p>\n<p>CN si occupa di copyright e diritti degli artisti, opere da parte di istituzioni pubbliche e private, relazioni con musei e acquisizioni per i collezionisti. Coordina e dirige progetti d\u2019arte come mostre, edizioni limitate, pubblicazioni d\u2019arte. \u00c8 responsabile della relazione con gli sponsor e delle partnership per il fundraising.&nbsp;<\/p>\n<p>CN \u00e8 stata Project Manager per le seguenti mostre: &#8220;The Jean&nbsp;Michel Basquiat Show&#8221; (Milano), &#8220;David LaChapelle show&#8221; (Milano, Parigi, Stoccolma, Firenze, Roma, Mons), &#8220;Timer&#8221; (Milano), &#8220;Roy Lichtenstein Meditation on art&#8221; (Milano,&nbsp;Colonia),&#8221;Napoleon and the Empire of Fashion&#8221; (Milano, Parigi, Brussels, Toronto, Sydney), &#8220;Tony Oursler&#8221; (Milano), &#8220;Anish Kapoor&#8221; (Milano), &#8220;Keith Haring extralarge&#8221; (Udine), &#8220;Christopher Makos \/Andy Warhol Altered images&#8221; (Milano, Parigi, Londra, Tokyo, Shanghai, Hong Kong), &#8220;Keith&nbsp;Haring about art&#8221; (Milano), &#8220;Roy Lichtenstein editions&#8221; (Amsterdam), &#8220;Roy Lichtenstein multiple visions&#8221; (Milano), &#8220;The art of Banksy. A visual protest&#8221; (Milano,&nbsp;Roma, Helsinki), &#8220;I, Andy Warhol&#8221; (Mosca).&nbsp;<\/p>\n<p>&nbsp;<\/p>\n<p><strong>Gianni Mercurio<\/strong><br \/>\n<em>co-fondatore, manager supervisor e artistic director<\/em><\/p>\n<p>Gianni Mercurio \u00e8 un curatore e saggista italiano. Risiede a Roma. Durante gli anni ha lavorato come guest curator presso il Ludwig Museum a Colonia, il MOCA a Lione, il MACRO a Roma, il museo MAXXI a Roma, il Palazzo delle Esposizioni a Roma, la Tretyakov State Gallery a Mosca, il centro Heydar Aliyev a Baku, il Museo Salvatore Ferragamo a Firenze, Palazzo Reale a Milano, la Triennale a Milano, il MUDEC a Milano, l&#8217; IVAM a Valencia, in aggiunta ad altri musei in Italia, Austria, Belgio, Finlandia e oltre. E&#8217; stato curatore del Padiglione dell&#8217; Azerbaijan per la Biennale d&#8217;Arte di Venezia del 2019.<\/p>\n<p><img loading=\"lazy\" decoding=\"async\" class=\" wp-image-3865 alignright\" src=\"https:\/\/madeinart.it\/wp-content\/uploads\/2023\/07\/Senza-titolo.jpg\" alt=\"\" width=\"216\" height=\"205\"><\/p>\n<p>Mercurio ha precedentemente ricoperto la posizione di direttore artistico del Chiostro del Bramante (Roma), della Galleria Comunale di Arte Moderna e Contemporanea di Roma (attualmente MACRO) e del Museo Carlo Bilotti (Roma).<\/p>\n<p>GM \u00e8 specializzato in arte americana del ventesimo secolo e ha curato ed organizzato svariate esposizioni dedicate a Andy Warhol, Keith Haring, Jean-Michel Basquiat, George Segal, Roy Lichtenstein, Willem de Kooning ed anche riguardanti Pop-Art, Iperrealismo e Graffitismo. Ha inoltre organizzato numerose mostre e progetti con artisti contemporanei quali Tony Oursler, David La Chapelle, Anish Kapoor, Gaetano Pesce, Enzo Cucchi, Jenny Saville, David Salle, Damien Hirst e altri.<\/p>\n<p>E&#8217; stato art consultant per progetti di arte e comunicazione di importanti compagnie e aziende internazionali, tra queste figurano Honda (The Art Tribe Project 2001-2004) e Daimler-Chrysler (2005-2008). Dal 2020 \u00e8 consulente Ferrari \u2013 FCA Group.<\/p>\n<p>GM ha redatto oltre cinquanta libri e cataloghi espositivi su arte, fotografia, design e architettura.<\/p>","protected":false},"excerpt":{"rendered":"<p>About Us MADEINART \u00e8 una societ\u00e0 con sede a Roma e Milano. La nostra attivit\u00e0 principale \u00e8 la produzione e la diffusione di arte e cultura attraverso diversi canali: mostre d\u2019arte, documentari, programmi formativi, progetti speciali ed eventi di beneficenza. Le nostre produzioni&nbsp;sono il culmine di un intenso processo che seguiamo in ogni aspetto, dall&#8217;ideazione [&hellip;]<\/p>\n","protected":false},"author":1,"featured_media":0,"parent":0,"menu_order":0,"comment_status":"open","ping_status":"closed","template":"page_full.php","meta":{"_acf_changed":false,"ngg_post_thumbnail":0,"footnotes":""},"categories":[],"tags":[],"class_list":["post-2","page","type-page","status-publish","hentry"],"acf":[],"_links":{"self":[{"href":"https:\/\/madeinart.it\/it\/wp-json\/wp\/v2\/pages\/2","targetHints":{"allow":["GET"]}}],"collection":[{"href":"https:\/\/madeinart.it\/it\/wp-json\/wp\/v2\/pages"}],"about":[{"href":"https:\/\/madeinart.it\/it\/wp-json\/wp\/v2\/types\/page"}],"author":[{"embeddable":true,"href":"https:\/\/madeinart.it\/it\/wp-json\/wp\/v2\/users\/1"}],"replies":[{"embeddable":true,"href":"https:\/\/madeinart.it\/it\/wp-json\/wp\/v2\/comments?post=2"}],"version-history":[{"count":135,"href":"https:\/\/madeinart.it\/it\/wp-json\/wp\/v2\/pages\/2\/revisions"}],"predecessor-version":[{"id":3866,"href":"https:\/\/madeinart.it\/it\/wp-json\/wp\/v2\/pages\/2\/revisions\/3866"}],"wp:attachment":[{"href":"https:\/\/madeinart.it\/it\/wp-json\/wp\/v2\/media?parent=2"}],"wp:term":[{"taxonomy":"category","embeddable":true,"href":"https:\/\/madeinart.it\/it\/wp-json\/wp\/v2\/categories?post=2"},{"taxonomy":"post_tag","embeddable":true,"href":"https:\/\/madeinart.it\/it\/wp-json\/wp\/v2\/tags?post=2"}],"curies":[{"name":"wp","href":"https:\/\/api.w.org\/{rel}","templated":true}]}}