{"id":1506,"date":"2012-09-17T19:05:19","date_gmt":"2012-09-17T17:05:19","guid":{"rendered":"http:\/\/madeinart.it\/?page_id=1506"},"modified":"2017-12-07T17:20:13","modified_gmt":"2017-12-07T16:20:13","slug":"the-exhibition","status":"publish","type":"page","link":"https:\/\/madeinart.it\/it\/keith-haring\/the-exhibition","title":{"rendered":"La Mostra"},"content":{"rendered":"<p><div class=\"featured-video\"><\/p>\n<p>https:\/\/vimeo.com\/50207153<\/p>\n<p><\/div><\/p>\n<p>&nbsp;<\/p>\n<p><a href=\"http:\/\/vimeo.com\/50207153\">Pilosio Time-lapse Keith Haring<\/a> from <a href=\"http:\/\/vimeo.com\/pilosio\">Pilosio Spa<\/a> on <a href=\"https:\/\/vimeo.com\">Vimeo<\/a>.<\/p>\n<p>Nella chiesa medievale di San Francesco a Udine sono installati undici monumentali lavori del celebre artista americano: la serie The Ten Commandments e il dipinto The Marriage of Heaven and Hell , quest\u2019ultimo il pi\u00f9 grande dipinto su tela mai realizzato da Haring.<\/p>\n<p><img loading=\"lazy\" decoding=\"async\" class=\"size-full wp-image-1508 alignnone\" title=\"kh_04\" src=\"http:\/\/madeinart.it\/wp-content\/uploads\/2012\/09\/kh_04.jpg\" alt=\"\" width=\"540\" height=\"360\" srcset=\"https:\/\/madeinart.it\/wp-content\/uploads\/2012\/09\/kh_04.jpg 540w, https:\/\/madeinart.it\/wp-content\/uploads\/2012\/09\/kh_04-300x200.jpg 300w\" sizes=\"auto, (max-width: 540px) 100vw, 540px\" \/><\/p>\n<p>I lavori presenti in mostra pongono l\u2019accento su un aspetto poco conosciuto dell\u2019arte e della personalit\u00e0 dell\u2019artista americano: il suo rapporto con la dimensione spirituale e sacrale, che rivest\u00ec un ruolo primario nel suo relazionarsi con il mondo. Come scrive il curatore Gianni Mercurio nel testo che accompagna il catalogo della\u00a0 mostra \u201cl\u2019arte di Haring tende ad affermare l\u2019identit\u00e0 del sacro e del sociale; lo spirituale \u00e8 una presenza sociologica pi\u00f9 che un\u2019esperienza trascendente: egli coglie nel sacro il volto dell\u2019esperienza vissuta dall\u2019Uomo. Questo lo portava ad essere dissenziente nei confronti delle \u201creligioni organizzate\u201d, nelle quali individuava false dottrine e manifestazioni ciarlatanesche (come quelle dei predicatori televisivi). Nelle sue opere \u00e8 implicito il rifiuto del dogma, che impone di regolare comportamenti e relazioni sociali, che stabilisce quello che deve essere vissuto e pensato, come si deve vivere e pensare\u201d.<br \/>\nThe Ten Commandments, \u00e8 una delle serie pi\u00f9 potenti di Haring, le grandi tele sono\u00a0 state realizzate in soli tre giorni in occasione della prima mostra personale dell\u2019artista in un museo, nel 1985, al Museo di Arte Contemporanea di Bordeaux, in un vecchio magazzino di stoccaggio di prodotti coloniali riconvertito dalla pianta basilicale con navata centrale divisa per mezzo di arcate da quelle laterali.<br \/>\nL\u2019interpretazione dello spazio diede spunto a Haring per sviluppare il tema dell\u2019opera. Il numero degli archi (dieci) che avrebbero dovuto ospitare i dipinti, poi il richiamo alla \u201csacralit\u00e0\u201d dell\u2019impianto architettonico e forse il ricordo dell\u2019iconografia che rappresenta le Tavole della Legge, a forma di arco. Per realizzare questo lavoro, concepito il giorno prima della partenza da New York, sulla pista da ballo del Paradise Garage, Haring lavor\u00f2 tre giorni di seguito, senza mai dormire.<\/p>\n<p>Il tema del sacro ritorna nell&#8217;opera di Haring in The Marriage of Heaven and Hell, una grande tela in bianco e nero (alta oltre 7 metri e larga 13) creata nel 1985 per una coreografia di Roland Petit per il Ballet National de Marseille, riferito al titolo di un libro scritto e illustrato dall\u2019artista e poeta inglese William Blake tra il 1790 e il<br \/>\n1793.<\/p>\n<p><img loading=\"lazy\" decoding=\"async\" class=\"size-full wp-image-1510 alignnone\" title=\"kh_03\" src=\"http:\/\/madeinart.it\/wp-content\/uploads\/2012\/09\/kh_03.jpg\" alt=\"\" width=\"540\" height=\"390\" srcset=\"https:\/\/madeinart.it\/wp-content\/uploads\/2012\/09\/kh_03.jpg 540w, https:\/\/madeinart.it\/wp-content\/uploads\/2012\/09\/kh_03-300x216.jpg 300w\" sizes=\"auto, (max-width: 540px) 100vw, 540px\" \/><\/p>\n<p>Nell\u2019opera di Haring il sacramento del matrimonio viene consumato da un giubilo di angeli che roteano sopra un brulichio infernale di dannati; la rappresentazione di simboli cristiani si intrecciano inestricabilmente nel<br \/>\nmodo abituale di Haring di esprimersi per allusioni e per travestimenti simbolici, in una composizione che diventa fantasmagorica, con figure senza peso che volteggiano in uno spazio indefinito.<\/p>","protected":false},"excerpt":{"rendered":"<p>&nbsp; Pilosio Time-lapse Keith Haring from Pilosio Spa on Vimeo. Nella chiesa medievale di San Francesco a Udine sono installati undici monumentali lavori del celebre artista americano: la serie The Ten Commandments e il dipinto The Marriage of Heaven and Hell , quest\u2019ultimo il pi\u00f9 grande dipinto su tela mai realizzato da Haring. I lavori [&hellip;]<\/p>\n","protected":false},"author":1,"featured_media":0,"parent":1495,"menu_order":1,"comment_status":"open","ping_status":"closed","template":"Past-Exhibitions.php","meta":{"_acf_changed":false,"ngg_post_thumbnail":0,"footnotes":""},"categories":[],"tags":[],"class_list":["post-1506","page","type-page","status-publish","hentry"],"acf":[],"_links":{"self":[{"href":"https:\/\/madeinart.it\/it\/wp-json\/wp\/v2\/pages\/1506","targetHints":{"allow":["GET"]}}],"collection":[{"href":"https:\/\/madeinart.it\/it\/wp-json\/wp\/v2\/pages"}],"about":[{"href":"https:\/\/madeinart.it\/it\/wp-json\/wp\/v2\/types\/page"}],"author":[{"embeddable":true,"href":"https:\/\/madeinart.it\/it\/wp-json\/wp\/v2\/users\/1"}],"replies":[{"embeddable":true,"href":"https:\/\/madeinart.it\/it\/wp-json\/wp\/v2\/comments?post=1506"}],"version-history":[{"count":13,"href":"https:\/\/madeinart.it\/it\/wp-json\/wp\/v2\/pages\/1506\/revisions"}],"predecessor-version":[{"id":2976,"href":"https:\/\/madeinart.it\/it\/wp-json\/wp\/v2\/pages\/1506\/revisions\/2976"}],"up":[{"embeddable":true,"href":"https:\/\/madeinart.it\/it\/wp-json\/wp\/v2\/pages\/1495"}],"wp:attachment":[{"href":"https:\/\/madeinart.it\/it\/wp-json\/wp\/v2\/media?parent=1506"}],"wp:term":[{"taxonomy":"category","embeddable":true,"href":"https:\/\/madeinart.it\/it\/wp-json\/wp\/v2\/categories?post=1506"},{"taxonomy":"post_tag","embeddable":true,"href":"https:\/\/madeinart.it\/it\/wp-json\/wp\/v2\/tags?post=1506"}],"curies":[{"name":"wp","href":"https:\/\/api.w.org\/{rel}","templated":true}]}}