{"id":1410,"date":"2012-01-08T17:44:48","date_gmt":"2012-01-08T16:44:48","guid":{"rendered":"http:\/\/madeinart.it\/?page_id=1410"},"modified":"2022-10-26T17:18:30","modified_gmt":"2022-10-26T15:18:30","slug":"anish-kapoor","status":"publish","type":"page","link":"https:\/\/madeinart.it\/it\/anish-kapoor","title":{"rendered":"Anish Kapoor"},"content":{"rendered":"<p><\/p>\n<h4>ANISH KAPOOR.<\/h4>\n<p>ROTONDA DELLA BESANA &amp; LA FABBRICA DEL VAPORE, Milano<br \/>\nMay &#8211; October 2011<\/p>\n<h4><img loading=\"lazy\" decoding=\"async\" class=\"wp-image-2379 size-full alignnone\" src=\"http:\/\/madeinart.it\/wp-content\/uploads\/2012\/06\/Anish-Kapoor.png\" alt=\"Anish Kapoor\" width=\"1000\" height=\"1013\" srcset=\"https:\/\/madeinart.it\/wp-content\/uploads\/2012\/06\/Anish-Kapoor.png 1000w, https:\/\/madeinart.it\/wp-content\/uploads\/2012\/06\/Anish-Kapoor-296x300.png 296w, https:\/\/madeinart.it\/wp-content\/uploads\/2012\/06\/Anish-Kapoor-768x778.png 768w\" sizes=\"auto, (max-width: 1000px) 100vw, 1000px\" \/><\/h4>\n<h4>Madeinart in collaborazione col Comune di Milano ha ideato, prodotto e realizzato la pi\u00f9 importante mostra in Italia di Anish Kapoor uno degli artisti contemporanei pi\u00f9 significativi. La mostra \u00e8 stata ospitata nella storica sede della Rotonda di via Besana e alla Cattedrale della Fabbrica del Vapore dove Kapoor ha realizzato una monumentale opera site-specific.<\/h4>\n<p><\/p>","protected":false},"excerpt":{"rendered":"<p>ANISH KAPOOR. ROTONDA DELLA BESANA &amp; LA FABBRICA DEL VAPORE, Milano May &#8211; October 2011 Madeinart in collaborazione col Comune di Milano ha ideato, prodotto e realizzato la pi\u00f9 importante mostra in Italia di Anish Kapoor uno degli artisti contemporanei pi\u00f9 significativi. La mostra \u00e8 stata ospitata nella storica sede della Rotonda di via Besana [&hellip;]<\/p>\n","protected":false},"author":1,"featured_media":2559,"parent":0,"menu_order":0,"comment_status":"open","ping_status":"open","template":"Past-Exhibitions.php","meta":{"_acf_changed":false,"ngg_post_thumbnail":0,"footnotes":""},"categories":[],"tags":[34],"class_list":["post-1410","page","type-page","status-publish","has-post-thumbnail","hentry","tag-exhibition"],"acf":[],"_links":{"self":[{"href":"https:\/\/madeinart.it\/it\/wp-json\/wp\/v2\/pages\/1410","targetHints":{"allow":["GET"]}}],"collection":[{"href":"https:\/\/madeinart.it\/it\/wp-json\/wp\/v2\/pages"}],"about":[{"href":"https:\/\/madeinart.it\/it\/wp-json\/wp\/v2\/types\/page"}],"author":[{"embeddable":true,"href":"https:\/\/madeinart.it\/it\/wp-json\/wp\/v2\/users\/1"}],"replies":[{"embeddable":true,"href":"https:\/\/madeinart.it\/it\/wp-json\/wp\/v2\/comments?post=1410"}],"version-history":[{"count":38,"href":"https:\/\/madeinart.it\/it\/wp-json\/wp\/v2\/pages\/1410\/revisions"}],"predecessor-version":[{"id":3766,"href":"https:\/\/madeinart.it\/it\/wp-json\/wp\/v2\/pages\/1410\/revisions\/3766"}],"wp:featuredmedia":[{"embeddable":true,"href":"https:\/\/madeinart.it\/it\/wp-json\/wp\/v2\/media\/2559"}],"wp:attachment":[{"href":"https:\/\/madeinart.it\/it\/wp-json\/wp\/v2\/media?parent=1410"}],"wp:term":[{"taxonomy":"category","embeddable":true,"href":"https:\/\/madeinart.it\/it\/wp-json\/wp\/v2\/categories?post=1410"},{"taxonomy":"post_tag","embeddable":true,"href":"https:\/\/madeinart.it\/it\/wp-json\/wp\/v2\/tags?post=1410"}],"curies":[{"name":"wp","href":"https:\/\/api.w.org\/{rel}","templated":true}]}}