{"id":3845,"date":"2023-04-27T20:04:46","date_gmt":"2023-04-27T18:04:46","guid":{"rendered":"https:\/\/madeinart.it\/?page_id=3845"},"modified":"2023-04-28T15:05:27","modified_gmt":"2023-04-28T13:05:27","slug":"the-exhibition","status":"publish","type":"page","link":"https:\/\/madeinart.it\/en\/maxernst-mondesmagiques\/the-exhibition","title":{"rendered":"The Exhibition"},"content":{"rendered":"<p>ngg_shortcode_1_placeholder<strong>Max Ernst<\/strong> never stopped reinventing his art throughout his career. His work is nourished by philosophy, psychoanalysis, science, alchemy, art history, literature and poetry.<\/p>\n<p>The exhibition will focus on the major themes of the worlds created by Max Ernst, by illustrating the recurrence of the themes that run through his work. A central section of the exhibition uses the four elements \u2013 water, air, earth and fire &#8211; which, according to ancient philosophical tradition and alchemy, make up all the matter in the natural world.<\/p>\n<p>The artist\u2019s oeuvre is disconcerting and remarkable. A great intellectual and humanist artist\u2014in the neo-Renaissance sense of the term\u2014, he continually defied perception by combining logic and formal harmony with unfathomable enigmas, while the onirism and fantastic coexist, creating landscapes with impenetrable mysteries. Forests of stones, chimeric animals, embodied masks, and anthropomorphic birds \u2026 the enigmatic and sometimes even oneiric beauty of Max Ernst\u2019s works immerses the viewer in the extravagance of his magical and liberated world.<\/p>\n<p>The exhibition will benefit from exceptional loans from the Centre Pompidou, the Tate, the Guggenheim in Venice, the Mus\u00e9e Cantini, the Max Ernst Museum in Br\u00fchl, and many private collectors who wish to remain anonymous.<\/p>\n<p><em>This exhibition has been produced in collaboration with Madeinart.<\/em><\/p>\n<p>&nbsp;<\/p>\n<h3>CURATORSHIP<\/h3>\n<p><strong>Martina Mazzotta<\/strong>&nbsp;is an art historian, author, and lecturer who studied philosophy. Brought up in the artistic environment of the publishing house Mazzotta Foundation in Milan, she studied in Germany and now lives in London, where she is a researcher associated with the Warburg Institute\/UCL. She has curated many exhibitions in Italy and abroad\u2014which have had a considerable impact on research into Kandinsky, Ciurlionis, Cage, Dubuffet, Ernst, and surrealism\u2014, as well as contemporary art projects that have received awards. Her research focuses on the cabinets of curiosities of the late Renaissance and their legacy over the centuries. This exhibition is her second collaboration with J\u00fcrgen Pech, with whom she previously shared the curatorship of the Max Ernst retrospective in Milan (October 2022\u2013February 2023).<\/p>\n<p><strong>Dr. J\u00fcrgen Pech<\/strong>&nbsp;has been an exhibition curator since 1984 and his specialisations are classical modernism, contemporary art, and photography. He was awarded the curatorship prize in 2019 for the exhibition and catalogue \u2018Ruth Marten \u2013 Dream Lover\u2019. Scientific Director and Head Curator of the Max Ernst Museum in Br\u00fchl from 2005 to 2021, he has been writing a catalogue raisonn\u00e9 of Max Ernst\u2019s oeuvre since 2007.Selected publications: \u2018Max Ernst \u2013 Portraits photographiques et documents\u2019 (1991),\u2019Max Ernst \u2013 Mondes graphiques\u2019 (2003), \u2018Max Ernst \u2013 Oeuvres sculpturales\u2019 (2005), \u2018Max Ernst \u2013 D-paintings. Voyage dans le temps de l\u2019amour\u2019 (2019), and \u2018Cr\u00e9atures animales surr\u00e9alistes\u2019 (2021).<\/p>\n<h3>SCENOGRAPHY<\/h3>\n<p><strong>Hubert le Gall<\/strong>, who is a French designer, artist, and contemporary art sculptor, has created original scenographies for many exhibitions, in particular at the H\u00f4tel de Caumont-Art Centre: \u2018Joaqu\u00edn Sorolla: Spanish Master of Light\u2019 (2020), \u2018Hokusai, Utamaro, Hiroshige. the Great Masters of Japan. The Georges Leskowicz Collection\u2019 (2019), \u2018Masterpieces from the Guggenheim Foundation: From Manet to Picasso. The Thannhauser Collection\u2019 (2019), \u2018Nicolas de Sta\u00ebl in Provence\u2019 (2018), and \u2018Sisley the Impressionist\u2019 (2017).<\/p>\n<h3>PRODUCTION AND ORGANIZATION<\/h3>\n<p>Emmanuelle Lussiez, Exhibitions Director, Culturespaces ; Milly Passigli, Deputy Director&nbsp;of Exhibition Programming ; Madeleine Balansino, Head of Exhibitions at the H\u00f4tel de Caumont-Art Centre ; Livia L\u00e9r\u00e8s et Domitille Sechet, responsible for iconography at Culturespaces.<\/p>","protected":false},"excerpt":{"rendered":"<p>Max Ernst never stopped reinventing his art throughout his career. His work is nourished by philosophy, psychoanalysis, science, alchemy, art history, literature and poetry. The exhibition will focus on the major themes of the worlds created by Max Ernst, by illustrating the recurrence of the themes that run through his work. A central section of [&hellip;]<\/p>\n","protected":false},"author":8,"featured_media":0,"parent":3836,"menu_order":1,"comment_status":"closed","ping_status":"closed","template":"Past-Exhibitions.php","meta":{"_acf_changed":false,"ngg_post_thumbnail":0,"footnotes":""},"categories":[],"tags":[],"class_list":["post-3845","page","type-page","status-publish","hentry"],"acf":[],"_links":{"self":[{"href":"https:\/\/madeinart.it\/en\/wp-json\/wp\/v2\/pages\/3845","targetHints":{"allow":["GET"]}}],"collection":[{"href":"https:\/\/madeinart.it\/en\/wp-json\/wp\/v2\/pages"}],"about":[{"href":"https:\/\/madeinart.it\/en\/wp-json\/wp\/v2\/types\/page"}],"author":[{"embeddable":true,"href":"https:\/\/madeinart.it\/en\/wp-json\/wp\/v2\/users\/8"}],"replies":[{"embeddable":true,"href":"https:\/\/madeinart.it\/en\/wp-json\/wp\/v2\/comments?post=3845"}],"version-history":[{"count":3,"href":"https:\/\/madeinart.it\/en\/wp-json\/wp\/v2\/pages\/3845\/revisions"}],"predecessor-version":[{"id":3855,"href":"https:\/\/madeinart.it\/en\/wp-json\/wp\/v2\/pages\/3845\/revisions\/3855"}],"up":[{"embeddable":true,"href":"https:\/\/madeinart.it\/en\/wp-json\/wp\/v2\/pages\/3836"}],"wp:attachment":[{"href":"https:\/\/madeinart.it\/en\/wp-json\/wp\/v2\/media?parent=3845"}],"wp:term":[{"taxonomy":"category","embeddable":true,"href":"https:\/\/madeinart.it\/en\/wp-json\/wp\/v2\/categories?post=3845"},{"taxonomy":"post_tag","embeddable":true,"href":"https:\/\/madeinart.it\/en\/wp-json\/wp\/v2\/tags?post=3845"}],"curies":[{"name":"wp","href":"https:\/\/api.w.org\/{rel}","templated":true}]}}