{"id":3723,"date":"2022-10-26T13:06:02","date_gmt":"2022-10-26T11:06:02","guid":{"rendered":"https:\/\/madeinart.it\/?page_id=3723"},"modified":"2025-03-10T18:08:20","modified_gmt":"2025-03-10T17:08:20","slug":"collaborationssponsors","status":"publish","type":"page","link":"https:\/\/madeinart.it\/en\/collaborationssponsors","title":{"rendered":"Collaborations &#038; Sponsors"},"content":{"rendered":"<p><\/p>\n<h1>Collaborations &amp; Sponsors<\/h1>\n<div class=\"boxed-row\">\n<div class=\"row normal_height vc_row wpb_row vc_row-fluid\">\n<div class=\"large-6 columns column_container vc_custom_1463416485777\">\n<div class=\"wpb_wrapper\">\n<div class=\"wpb_content_element \">\n<div class=\"wpb_wrapper\">\n<p>Le prestigiose mostre organizzate da Madeinart offrono eccellenti opportunit\u00e0 di legare il proprio marchio a progetti di alta qualit\u00e0 e straordinario interesse, garantendo notevoli opportunit\u00e0 filantropiche, di marketing e di PR. L\u2019associazione dell\u2019eccezionale esperienza di una grande mostra con il nome dello sponsor ha un diretto riflesso positivo su quest\u2019ultimo, valorizzandone la percezione, gli obiettivi culturali e di comunicazione. Madeinart dedica grande attenzione ai propri partner commerciali, riconoscendone il ruolo fondamentale nella produzione di mostre alle specifiche necessit\u00e0 promozionali e di <em>networking<\/em> di ciascuno.<\/p>\n<\/div>\n<\/div>\n<\/div>\n<\/div>\n<div class=\"large-6 columns column_container vc_custom_1463416504335\">\n<div class=\"wpb_wrapper\">\n<div class=\"wpb_content_element \">\n<div class=\"wpb_wrapper\">\n<p>Ci impegniamo a garantire ai nostri sponsor un alto profilo, con l\u2019obiettivo di trasformare un rapporto proficuo in un autentico partenariato. Offriamo diversi livelli di sponsorizzazione, progetti speciali di partnership e proposte \u201ctaylor made\u201d al fine di soddisfare gli obiettivi d\u2019impresa e di ritorno sugli investimenti, massimizzando cos\u00ec i benefici per il business. Per noi uno sponsor soddisfatto \u00e8 una garanzia di continuit\u00e0 e fino ad oggi tutti i nostri partner hanno espresso la massima soddisfazione per i progetti affrontati insieme, continuando a sostenerci e a collaborare con noi nel corso del tempo.<\/p>\n<\/div>\n<\/div>\n<\/div>\n<\/div>\n<\/div>\n<\/div>\n<div class=\"row normal_height vc_row wpb_row vc_row-fluid\">\n<div class=\"large-12 columns column_container\">\n<div class=\"wpb_wrapper\">&nbsp;<\/div>\n<\/div>\n<\/div>\n<p><div class=\"archivist-outer-wrapper\">\t\t\t<div class=\"archivist_wrapper\">\n\n\t\t\t\t\n\t\t\t\t\n\t\t\t\t<ul class=\"list\">\t\t\t\t\t\t\t\t\t\t\t\t\t\t<li>\r\n<div class=\"thumb\"><img loading=\"lazy\" decoding=\"async\" width=\"400\" height=\"228\" src=\"https:\/\/madeinart.it\/wp-content\/uploads\/2022\/10\/Christopher-Makos-Altered-Images-Ports-1961.jpg\" class=\"attachment-400x250 size-400x250 wp-post-image\" alt=\"\" srcset=\"https:\/\/madeinart.it\/wp-content\/uploads\/2022\/10\/Christopher-Makos-Altered-Images-Ports-1961.jpg 777w, https:\/\/madeinart.it\/wp-content\/uploads\/2022\/10\/Christopher-Makos-Altered-Images-Ports-1961-300x171.jpg 300w, https:\/\/madeinart.it\/wp-content\/uploads\/2022\/10\/Christopher-Makos-Altered-Images-Ports-1961-768x437.jpg 768w\" sizes=\"auto, (max-width: 400px) 100vw, 400px\" \/> <\/div>  \r\n<div class=\"task\">\r\n<div class=\"titolo\"><a href=\"https:\/\/madeinart.it\/en\/collaborations-merchandising\" class=\"permalink\">Collaborations &#038; Merchandising<\/a><\/div>\r\n<div class=\"dataArch\">2022<\/div>\r\n<\/div>  \r\n<\/li>\t\t\t\t\t\t\t\t<\/ul>\n\t\t\t\t\n\t\t\t<\/div>\n\t\t\t<script type=\"text\/javascript\">\n\t\t\tvar archivist_shortcode_attributes = {\"query\":\"\",\"category\":\"\",\"tag\":\"collaborations\",\"template\":\"LightTpl\",\"pagination\":false,\"controls\":\"both\"}\t\t\t<\/script>\n\t\t\t<\/div><\/p>","protected":false},"excerpt":{"rendered":"<p>Collaborations &amp; Sponsors Le prestigiose mostre organizzate da Madeinart offrono eccellenti opportunit\u00e0 di legare il proprio marchio a progetti di alta qualit\u00e0 e straordinario interesse, garantendo notevoli opportunit\u00e0 filantropiche, di marketing e di PR. L\u2019associazione dell\u2019eccezionale esperienza di una grande mostra con il nome dello sponsor ha un diretto riflesso positivo su quest\u2019ultimo, valorizzandone la [&hellip;]<\/p>\n","protected":false},"author":8,"featured_media":0,"parent":0,"menu_order":0,"comment_status":"open","ping_status":"closed","template":"page_archive.php","meta":{"_acf_changed":false,"ngg_post_thumbnail":0,"footnotes":""},"categories":[],"tags":[],"class_list":["post-3723","page","type-page","status-publish","hentry"],"acf":[],"_links":{"self":[{"href":"https:\/\/madeinart.it\/en\/wp-json\/wp\/v2\/pages\/3723","targetHints":{"allow":["GET"]}}],"collection":[{"href":"https:\/\/madeinart.it\/en\/wp-json\/wp\/v2\/pages"}],"about":[{"href":"https:\/\/madeinart.it\/en\/wp-json\/wp\/v2\/types\/page"}],"author":[{"embeddable":true,"href":"https:\/\/madeinart.it\/en\/wp-json\/wp\/v2\/users\/8"}],"replies":[{"embeddable":true,"href":"https:\/\/madeinart.it\/en\/wp-json\/wp\/v2\/comments?post=3723"}],"version-history":[{"count":5,"href":"https:\/\/madeinart.it\/en\/wp-json\/wp\/v2\/pages\/3723\/revisions"}],"predecessor-version":[{"id":3963,"href":"https:\/\/madeinart.it\/en\/wp-json\/wp\/v2\/pages\/3723\/revisions\/3963"}],"wp:attachment":[{"href":"https:\/\/madeinart.it\/en\/wp-json\/wp\/v2\/media?parent=3723"}],"wp:term":[{"taxonomy":"category","embeddable":true,"href":"https:\/\/madeinart.it\/en\/wp-json\/wp\/v2\/categories?post=3723"},{"taxonomy":"post_tag","embeddable":true,"href":"https:\/\/madeinart.it\/en\/wp-json\/wp\/v2\/tags?post=3723"}],"curies":[{"name":"wp","href":"https:\/\/api.w.org\/{rel}","templated":true}]}}